{"id":100500,"date":"2025-12-02T22:58:29","date_gmt":"2025-12-02T21:58:29","guid":{"rendered":"https:\/\/www.hirtenberg-apotheke.at\/katalog\/produkt\/gall-pharma-molybdaen-kapseln-75mcg-30-stk\/"},"modified":"2025-12-02T22:58:53","modified_gmt":"2025-12-02T21:58:53","slug":"gall-pharma-molybdaen-kapseln-75mcg-30-stk","status":"publish","type":"product","link":"https:\/\/www.hirtenberg-apotheke.at\/katalog\/produkt\/gall-pharma-molybdaen-kapseln-75mcg-30-stk\/","title":{"rendered":"Gall Pharma Molybdaen Kapseln 75mcg 30 Stk."},"content":{"rendered":"<p>Molybd\u00e4n 75 \u00b5g GPH Kapseln enthalten Natriummolybdat. Ein Molybd\u00e4nmangel kann zu einer Verringerung der Harns\u00e4urekonzentration f\u00fchren und somit die Belastung der Zellen durch freie Radikale erh\u00f6hen. M\u00f6glicherweise kann ein Molybd\u00e4nmangel au\u00dfedem die Entstehung von Karies beg\u00fcnstigen und eine Reihe von unspezifischen Symptomen wie Erregbarkeit, Nachtblindheit, Juckreiz entstehen lassen.<\/p>\n","protected":false},"excerpt":{"rendered":"<p>Molybd\u00e4n 75 \u00b5g GPH Kapseln enthalten Natriummolybdat. Ein Molybd\u00e4nmangel kann zu einer Verringerung der Harns\u00e4urekonzentration f\u00fchren und somit die Belastung der Zellen durch freie Radikale erh\u00f6hen. M\u00f6glicherweise kann ein Molybd\u00e4nmangel au\u00dfedem die Entstehung von Karies beg\u00fcnstigen und eine Reihe von unspezifischen Symptomen wie Erregbarkeit, Nachtblindheit, Juckreiz entstehen lassen.<\/p>\n","protected":false},"featured_media":100502,"template":"","meta":{"_acf_changed":false},"product_brand":[316],"product_cat":[328],"product_tag":[],"class_list":{"0":"post-100500","1":"product","2":"type-product","3":"status-publish","4":"has-post-thumbnail","6":"product_brand-gall-pharma","7":"product_cat-g","8":"pa_packungsgroesse-30-stueck","10":"first","11":"instock","12":"shipping-taxable","13":"purchasable","14":"product-type-simple"},"acf":[],"_links":{"self":[{"href":"https:\/\/www.hirtenberg-apotheke.at\/katalog\/wp-json\/wp\/v2\/product\/100500","targetHints":{"allow":["GET"]}}],"collection":[{"href":"https:\/\/www.hirtenberg-apotheke.at\/katalog\/wp-json\/wp\/v2\/product"}],"about":[{"href":"https:\/\/www.hirtenberg-apotheke.at\/katalog\/wp-json\/wp\/v2\/types\/product"}],"wp:featuredmedia":[{"embeddable":true,"href":"https:\/\/www.hirtenberg-apotheke.at\/katalog\/wp-json\/wp\/v2\/media\/100502"}],"wp:attachment":[{"href":"https:\/\/www.hirtenberg-apotheke.at\/katalog\/wp-json\/wp\/v2\/media?parent=100500"}],"wp:term":[{"taxonomy":"product_brand","embeddable":true,"href":"https:\/\/www.hirtenberg-apotheke.at\/katalog\/wp-json\/wp\/v2\/product_brand?post=100500"},{"taxonomy":"product_cat","embeddable":true,"href":"https:\/\/www.hirtenberg-apotheke.at\/katalog\/wp-json\/wp\/v2\/product_cat?post=100500"},{"taxonomy":"product_tag","embeddable":true,"href":"https:\/\/www.hirtenberg-apotheke.at\/katalog\/wp-json\/wp\/v2\/product_tag?post=100500"}],"curies":[{"name":"wp","href":"https:\/\/api.w.org\/{rel}","templated":true}]}}