{"id":100511,"date":"2025-12-02T22:58:29","date_gmt":"2025-12-02T21:58:29","guid":{"rendered":"https:\/\/www.hirtenberg-apotheke.at\/katalog\/produkt\/morga-gemuese-bouillon-paste-400-g\/"},"modified":"2025-12-02T22:59:10","modified_gmt":"2025-12-02T21:59:10","slug":"morga-gemuese-bouillon-paste-400-g","status":"publish","type":"product","link":"https:\/\/www.hirtenberg-apotheke.at\/katalog\/produkt\/morga-gemuese-bouillon-paste-400-g\/","title":{"rendered":"Morga Gem\u00fcse-Bouillon Paste 400 g"},"content":{"rendered":"<p>Morga Gem\u00fcse-Bouillon Paste 400 g eignet sich sowohl zur Verwendung als Gem\u00fcsebouillon, aber auch zum W\u00fcrzen und Kochen in der vegetabilen K\u00fcche.<\/p>\n","protected":false},"excerpt":{"rendered":"<p>Morga Gem\u00fcse-Bouillon Paste 400 g eignet sich sowohl zur Verwendung als Gem\u00fcsebouillon, aber auch zum W\u00fcrzen und Kochen in der vegetabilen K\u00fcche.<\/p>\n","protected":false},"featured_media":100513,"template":"","meta":{"_acf_changed":false},"product_brand":[],"product_cat":[308],"product_tag":[],"class_list":{"0":"post-100511","1":"product","2":"type-product","3":"status-publish","4":"has-post-thumbnail","6":"product_cat-m","7":"pa_packungsgroesse-400g","9":"first","10":"instock","11":"shipping-taxable","12":"purchasable","13":"product-type-simple"},"acf":[],"_links":{"self":[{"href":"https:\/\/www.hirtenberg-apotheke.at\/katalog\/wp-json\/wp\/v2\/product\/100511","targetHints":{"allow":["GET"]}}],"collection":[{"href":"https:\/\/www.hirtenberg-apotheke.at\/katalog\/wp-json\/wp\/v2\/product"}],"about":[{"href":"https:\/\/www.hirtenberg-apotheke.at\/katalog\/wp-json\/wp\/v2\/types\/product"}],"wp:featuredmedia":[{"embeddable":true,"href":"https:\/\/www.hirtenberg-apotheke.at\/katalog\/wp-json\/wp\/v2\/media\/100513"}],"wp:attachment":[{"href":"https:\/\/www.hirtenberg-apotheke.at\/katalog\/wp-json\/wp\/v2\/media?parent=100511"}],"wp:term":[{"taxonomy":"product_brand","embeddable":true,"href":"https:\/\/www.hirtenberg-apotheke.at\/katalog\/wp-json\/wp\/v2\/product_brand?post=100511"},{"taxonomy":"product_cat","embeddable":true,"href":"https:\/\/www.hirtenberg-apotheke.at\/katalog\/wp-json\/wp\/v2\/product_cat?post=100511"},{"taxonomy":"product_tag","embeddable":true,"href":"https:\/\/www.hirtenberg-apotheke.at\/katalog\/wp-json\/wp\/v2\/product_tag?post=100511"}],"curies":[{"name":"wp","href":"https:\/\/api.w.org\/{rel}","templated":true}]}}