{"id":100597,"date":"2025-12-02T23:02:27","date_gmt":"2025-12-02T22:02:27","guid":{"rendered":"https:\/\/www.hirtenberg-apotheke.at\/katalog\/produkt\/huebner-nachtkerzen-oel-500-mg-kapseln\/"},"modified":"2025-12-02T23:02:44","modified_gmt":"2025-12-02T22:02:44","slug":"huebner-nachtkerzen-oel-500-mg-kapseln","status":"publish","type":"product","link":"https:\/\/www.hirtenberg-apotheke.at\/katalog\/produkt\/huebner-nachtkerzen-oel-500-mg-kapseln\/","title":{"rendered":"H\u00fcbner Nachtkerzen \u00d6l 500 mg Kapseln"},"content":{"rendered":"<p>H\u00fcbner Nachtkerzen \u00d6l 500 mg Kapseln enthalten reines Samen-\u00d6l und nat\u00fcrliches Vitamin E. Nachtkerzen\u00f6l ist mit seinem Gehalt an mehrfach unges\u00e4ttigten Fetts\u00e4uren ein hochwertiger Rohstoff. Vitamin E tr\u00e4gt dazu bei, die Zellen vor oxidativem Stress zu sch\u00fctzen.<\/p>\n","protected":false},"excerpt":{"rendered":"<p>H\u00fcbner Nachtkerzen \u00d6l 500 mg Kapseln enthalten reines Samen-\u00d6l und nat\u00fcrliches Vitamin E. Nachtkerzen\u00f6l ist mit seinem Gehalt an mehrfach unges\u00e4ttigten Fetts\u00e4uren ein hochwertiger Rohstoff. Vitamin E tr\u00e4gt dazu bei, die Zellen vor oxidativem Stress zu sch\u00fctzen.<\/p>\n","protected":false},"featured_media":100599,"template":"","meta":{"_acf_changed":false},"product_brand":[],"product_cat":[330],"product_tag":[],"class_list":{"0":"post-100597","1":"product","2":"type-product","3":"status-publish","4":"has-post-thumbnail","6":"product_cat-h","7":"pa_packungsgroesse-60-stueck","9":"first","10":"instock","11":"shipping-taxable","12":"purchasable","13":"product-type-simple"},"acf":[],"_links":{"self":[{"href":"https:\/\/www.hirtenberg-apotheke.at\/katalog\/wp-json\/wp\/v2\/product\/100597","targetHints":{"allow":["GET"]}}],"collection":[{"href":"https:\/\/www.hirtenberg-apotheke.at\/katalog\/wp-json\/wp\/v2\/product"}],"about":[{"href":"https:\/\/www.hirtenberg-apotheke.at\/katalog\/wp-json\/wp\/v2\/types\/product"}],"wp:featuredmedia":[{"embeddable":true,"href":"https:\/\/www.hirtenberg-apotheke.at\/katalog\/wp-json\/wp\/v2\/media\/100599"}],"wp:attachment":[{"href":"https:\/\/www.hirtenberg-apotheke.at\/katalog\/wp-json\/wp\/v2\/media?parent=100597"}],"wp:term":[{"taxonomy":"product_brand","embeddable":true,"href":"https:\/\/www.hirtenberg-apotheke.at\/katalog\/wp-json\/wp\/v2\/product_brand?post=100597"},{"taxonomy":"product_cat","embeddable":true,"href":"https:\/\/www.hirtenberg-apotheke.at\/katalog\/wp-json\/wp\/v2\/product_cat?post=100597"},{"taxonomy":"product_tag","embeddable":true,"href":"https:\/\/www.hirtenberg-apotheke.at\/katalog\/wp-json\/wp\/v2\/product_tag?post=100597"}],"curies":[{"name":"wp","href":"https:\/\/api.w.org\/{rel}","templated":true}]}}