{"id":100615,"date":"2025-12-02T23:03:08","date_gmt":"2025-12-02T22:03:08","guid":{"rendered":"https:\/\/www.hirtenberg-apotheke.at\/katalog\/produkt\/mvo-nagel-haar-kapseln-60-stk\/"},"modified":"2025-12-02T23:03:13","modified_gmt":"2025-12-02T22:03:13","slug":"mvo-nagel-haar-kapseln-60-stk","status":"publish","type":"product","link":"https:\/\/www.hirtenberg-apotheke.at\/katalog\/produkt\/mvo-nagel-haar-kapseln-60-stk\/","title":{"rendered":"MvO Nagel + Haar Kapseln 60 Stk."},"content":{"rendered":"<p>MvO Nagel + Haar Kapseln dienen zur Unterst\u00fctzung bei Erkrankungen von Haut, Haaren und N\u00e4geln sowie zur Wachstumsf\u00f6rderung, Regeneration und Kr\u00e4ftigung. Die nat\u00fcrliche Sch\u00f6nheit von Haut, Haaren und N\u00e4geln wird durch eine spezielle Kombination von Mikron\u00e4hrstoffen unterst\u00fctzt.<\/p>\n","protected":false},"excerpt":{"rendered":"<p>MvO Nagel + Haar Kapseln dienen zur Unterst\u00fctzung bei Erkrankungen von Haut, Haaren und N\u00e4geln sowie zur Wachstumsf\u00f6rderung, Regeneration und Kr\u00e4ftigung. Die nat\u00fcrliche Sch\u00f6nheit von Haut, Haaren und N\u00e4geln wird durch eine spezielle Kombination von Mikron\u00e4hrstoffen unterst\u00fctzt.<\/p>\n","protected":false},"featured_media":100617,"template":"","meta":{"_acf_changed":false},"product_brand":[],"product_cat":[308],"product_tag":[],"class_list":{"0":"post-100615","1":"product","2":"type-product","3":"status-publish","4":"has-post-thumbnail","6":"product_cat-m","7":"pa_packungsgroesse-60-stueck","9":"first","10":"instock","11":"shipping-taxable","12":"purchasable","13":"product-type-simple"},"acf":[],"_links":{"self":[{"href":"https:\/\/www.hirtenberg-apotheke.at\/katalog\/wp-json\/wp\/v2\/product\/100615","targetHints":{"allow":["GET"]}}],"collection":[{"href":"https:\/\/www.hirtenberg-apotheke.at\/katalog\/wp-json\/wp\/v2\/product"}],"about":[{"href":"https:\/\/www.hirtenberg-apotheke.at\/katalog\/wp-json\/wp\/v2\/types\/product"}],"wp:featuredmedia":[{"embeddable":true,"href":"https:\/\/www.hirtenberg-apotheke.at\/katalog\/wp-json\/wp\/v2\/media\/100617"}],"wp:attachment":[{"href":"https:\/\/www.hirtenberg-apotheke.at\/katalog\/wp-json\/wp\/v2\/media?parent=100615"}],"wp:term":[{"taxonomy":"product_brand","embeddable":true,"href":"https:\/\/www.hirtenberg-apotheke.at\/katalog\/wp-json\/wp\/v2\/product_brand?post=100615"},{"taxonomy":"product_cat","embeddable":true,"href":"https:\/\/www.hirtenberg-apotheke.at\/katalog\/wp-json\/wp\/v2\/product_cat?post=100615"},{"taxonomy":"product_tag","embeddable":true,"href":"https:\/\/www.hirtenberg-apotheke.at\/katalog\/wp-json\/wp\/v2\/product_tag?post=100615"}],"curies":[{"name":"wp","href":"https:\/\/api.w.org\/{rel}","templated":true}]}}