{"id":100621,"date":"2025-12-02T23:03:08","date_gmt":"2025-12-02T22:03:08","guid":{"rendered":"https:\/\/www.hirtenberg-apotheke.at\/katalog\/produkt\/naildoc-rapid-nagelpilz-behandlungs-gel-5-ml\/"},"modified":"2025-12-02T23:03:22","modified_gmt":"2025-12-02T22:03:22","slug":"naildoc-rapid-nagelpilz-behandlungs-gel-5-ml","status":"publish","type":"product","link":"https:\/\/www.hirtenberg-apotheke.at\/katalog\/produkt\/naildoc-rapid-nagelpilz-behandlungs-gel-5-ml\/","title":{"rendered":"naildoc Rapid Nagelpilz Behandlungs-Gel 5 ml"},"content":{"rendered":"<p>naildoc Rapid &#8211; zur Behandlung von Nagelpilzinfektion (Onycchomycosis). Es ist eine einzigartige Formel, die innerhalb von 20 Sekunden die Pilze auf der Nageloberfl\u00e4che beseitigt. Der einzigartige Mix an Inhaltsstoen dringt durch den Nagel ein, schat dort eine ung\u00fcnstige Umgebung f\u00fcr die Entwicklung von Pilzen und bildet somit eine physikalische Barriere gegen die Ausbreitung von Pilzen. naildoc\u00ae RAPID verhindert die Kontamination anderer N\u00e4gel und sch\u00fctzt vor erneutem Auftreten<\/p>\n","protected":false},"excerpt":{"rendered":"<p>naildoc Rapid &#8211; zur Behandlung von Nagelpilzinfektion (Onycchomycosis). Es ist eine einzigartige Formel, die innerhalb von 20 Sekunden die Pilze auf der Nageloberfl\u00e4che beseitigt. Der einzigartige Mix an Inhaltsstoen dringt durch den Nagel ein, schat dort eine ung\u00fcnstige Umgebung f\u00fcr die Entwicklung von Pilzen und bildet somit eine physikalische Barriere gegen die Ausbreitung von Pilzen. [&hellip;]<\/p>\n","protected":false},"featured_media":100623,"template":"","meta":{"_acf_changed":false},"product_brand":[],"product_cat":[310],"product_tag":[],"class_list":{"0":"post-100621","1":"product","2":"type-product","3":"status-publish","4":"has-post-thumbnail","6":"product_cat-n","7":"pa_packungsgroesse-5ml","9":"first","10":"instock","11":"shipping-taxable","12":"purchasable","13":"product-type-simple"},"acf":[],"_links":{"self":[{"href":"https:\/\/www.hirtenberg-apotheke.at\/katalog\/wp-json\/wp\/v2\/product\/100621","targetHints":{"allow":["GET"]}}],"collection":[{"href":"https:\/\/www.hirtenberg-apotheke.at\/katalog\/wp-json\/wp\/v2\/product"}],"about":[{"href":"https:\/\/www.hirtenberg-apotheke.at\/katalog\/wp-json\/wp\/v2\/types\/product"}],"wp:featuredmedia":[{"embeddable":true,"href":"https:\/\/www.hirtenberg-apotheke.at\/katalog\/wp-json\/wp\/v2\/media\/100623"}],"wp:attachment":[{"href":"https:\/\/www.hirtenberg-apotheke.at\/katalog\/wp-json\/wp\/v2\/media?parent=100621"}],"wp:term":[{"taxonomy":"product_brand","embeddable":true,"href":"https:\/\/www.hirtenberg-apotheke.at\/katalog\/wp-json\/wp\/v2\/product_brand?post=100621"},{"taxonomy":"product_cat","embeddable":true,"href":"https:\/\/www.hirtenberg-apotheke.at\/katalog\/wp-json\/wp\/v2\/product_cat?post=100621"},{"taxonomy":"product_tag","embeddable":true,"href":"https:\/\/www.hirtenberg-apotheke.at\/katalog\/wp-json\/wp\/v2\/product_tag?post=100621"}],"curies":[{"name":"wp","href":"https:\/\/api.w.org\/{rel}","templated":true}]}}