{"id":100665,"date":"2025-12-02T23:04:18","date_gmt":"2025-12-02T22:04:18","guid":{"rendered":"https:\/\/www.hirtenberg-apotheke.at\/katalog\/produkt\/gall-pharma-neem-kapseln-320mg-30-stk\/"},"modified":"2025-12-02T23:04:29","modified_gmt":"2025-12-02T22:04:29","slug":"gall-pharma-neem-kapseln-320mg-30-stk","status":"publish","type":"product","link":"https:\/\/www.hirtenberg-apotheke.at\/katalog\/produkt\/gall-pharma-neem-kapseln-320mg-30-stk\/","title":{"rendered":"Gall Pharma Neem Kapseln 320mg 30 Stk."},"content":{"rendered":"<p>Neem 320 mg GPH Kapseln enthalten 320 mg eines Neembl\u00e4tter Extraktes, das einen positiven Einfluss auf die Verdauung hat und beim Abtransport von Giftstoffen aus der Leber hilft. Zudem gelten die Bl\u00e4tter als allgemein immunst\u00e4rkend und k\u00f6nnen das k\u00f6rpereigene Abwehrsystem bei Angriffen aktivieren. Letztendlich k\u00f6nnen Extrakte aus Neembl\u00e4tter Einfluss auf den Zuckerstoffwechsel haben, was insulinpflichtigen Diabetikern zur Unterst\u00fctzung empfohlen werden kann.<\/p>\n","protected":false},"excerpt":{"rendered":"<p>Neem 320 mg GPH Kapseln enthalten 320 mg eines Neembl\u00e4tter Extraktes, das einen positiven Einfluss auf die Verdauung hat und beim Abtransport von Giftstoffen aus der Leber hilft. Zudem gelten die Bl\u00e4tter als allgemein immunst\u00e4rkend und k\u00f6nnen das k\u00f6rpereigene Abwehrsystem bei Angriffen aktivieren. Letztendlich k\u00f6nnen Extrakte aus Neembl\u00e4tter Einfluss auf den Zuckerstoffwechsel haben, was insulinpflichtigen [&hellip;]<\/p>\n","protected":false},"featured_media":100667,"template":"","meta":{"_acf_changed":false},"product_brand":[],"product_cat":[328],"product_tag":[],"class_list":{"0":"post-100665","1":"product","2":"type-product","3":"status-publish","4":"has-post-thumbnail","6":"product_cat-g","7":"pa_packungsgroesse-30-stueck","9":"first","10":"instock","11":"shipping-taxable","12":"purchasable","13":"product-type-simple"},"acf":[],"_links":{"self":[{"href":"https:\/\/www.hirtenberg-apotheke.at\/katalog\/wp-json\/wp\/v2\/product\/100665","targetHints":{"allow":["GET"]}}],"collection":[{"href":"https:\/\/www.hirtenberg-apotheke.at\/katalog\/wp-json\/wp\/v2\/product"}],"about":[{"href":"https:\/\/www.hirtenberg-apotheke.at\/katalog\/wp-json\/wp\/v2\/types\/product"}],"wp:featuredmedia":[{"embeddable":true,"href":"https:\/\/www.hirtenberg-apotheke.at\/katalog\/wp-json\/wp\/v2\/media\/100667"}],"wp:attachment":[{"href":"https:\/\/www.hirtenberg-apotheke.at\/katalog\/wp-json\/wp\/v2\/media?parent=100665"}],"wp:term":[{"taxonomy":"product_brand","embeddable":true,"href":"https:\/\/www.hirtenberg-apotheke.at\/katalog\/wp-json\/wp\/v2\/product_brand?post=100665"},{"taxonomy":"product_cat","embeddable":true,"href":"https:\/\/www.hirtenberg-apotheke.at\/katalog\/wp-json\/wp\/v2\/product_cat?post=100665"},{"taxonomy":"product_tag","embeddable":true,"href":"https:\/\/www.hirtenberg-apotheke.at\/katalog\/wp-json\/wp\/v2\/product_tag?post=100665"}],"curies":[{"name":"wp","href":"https:\/\/api.w.org\/{rel}","templated":true}]}}