{"id":100691,"date":"2025-12-02T23:05:19","date_gmt":"2025-12-02T22:05:19","guid":{"rendered":"https:\/\/www.hirtenberg-apotheke.at\/katalog\/produkt\/neuners-kraeutertee-tradition-nr-2-fruehjahrskur-50-g\/"},"modified":"2025-12-02T23:05:52","modified_gmt":"2025-12-02T22:05:52","slug":"neuners-kraeutertee-tradition-nr-2-fruehjahrskur-50-g","status":"publish","type":"product","link":"https:\/\/www.hirtenberg-apotheke.at\/katalog\/produkt\/neuners-kraeutertee-tradition-nr-2-fruehjahrskur-50-g\/","title":{"rendered":"Neuner&#8217;s Kr\u00e4utertee Tradition Nr. 2 Fr\u00fchjahrskur 50 g"},"content":{"rendered":"<p>Die Neuner&#8217;s Philosophie ist seit Generationen unver\u00e4ndert. Zur Erhaltung und Wiedererlangung von Gesundheit standen immer nat\u00fcrliche Mittel und Methoden im Mittelpunkt.<\/p>\n","protected":false},"excerpt":{"rendered":"<p>Die Neuner&#8217;s Philosophie ist seit Generationen unver\u00e4ndert. Zur Erhaltung und Wiedererlangung von Gesundheit standen immer nat\u00fcrliche Mittel und Methoden im Mittelpunkt.<\/p>\n","protected":false},"featured_media":100693,"template":"","meta":{"_acf_changed":false},"product_brand":[995],"product_cat":[310],"product_tag":[],"class_list":{"0":"post-100691","1":"product","2":"type-product","3":"status-publish","4":"has-post-thumbnail","6":"product_brand-neuner","7":"product_cat-n","8":"pa_packungsgroesse-50g","10":"first","11":"instock","12":"shipping-taxable","13":"purchasable","14":"product-type-simple"},"acf":[],"_links":{"self":[{"href":"https:\/\/www.hirtenberg-apotheke.at\/katalog\/wp-json\/wp\/v2\/product\/100691","targetHints":{"allow":["GET"]}}],"collection":[{"href":"https:\/\/www.hirtenberg-apotheke.at\/katalog\/wp-json\/wp\/v2\/product"}],"about":[{"href":"https:\/\/www.hirtenberg-apotheke.at\/katalog\/wp-json\/wp\/v2\/types\/product"}],"wp:featuredmedia":[{"embeddable":true,"href":"https:\/\/www.hirtenberg-apotheke.at\/katalog\/wp-json\/wp\/v2\/media\/100693"}],"wp:attachment":[{"href":"https:\/\/www.hirtenberg-apotheke.at\/katalog\/wp-json\/wp\/v2\/media?parent=100691"}],"wp:term":[{"taxonomy":"product_brand","embeddable":true,"href":"https:\/\/www.hirtenberg-apotheke.at\/katalog\/wp-json\/wp\/v2\/product_brand?post=100691"},{"taxonomy":"product_cat","embeddable":true,"href":"https:\/\/www.hirtenberg-apotheke.at\/katalog\/wp-json\/wp\/v2\/product_cat?post=100691"},{"taxonomy":"product_tag","embeddable":true,"href":"https:\/\/www.hirtenberg-apotheke.at\/katalog\/wp-json\/wp\/v2\/product_tag?post=100691"}],"curies":[{"name":"wp","href":"https:\/\/api.w.org\/{rel}","templated":true}]}}