{"id":100700,"date":"2025-12-02T23:05:19","date_gmt":"2025-12-02T22:05:19","guid":{"rendered":"https:\/\/www.hirtenberg-apotheke.at\/katalog\/produkt\/neuners-kraeutertee-tradition-nr-8-entsaeuernd-fuer-den-magen\/"},"modified":"2025-12-02T23:05:56","modified_gmt":"2025-12-02T22:05:56","slug":"neuners-kraeutertee-tradition-nr-8-entsaeuernd-fuer-den-magen","status":"publish","type":"product","link":"https:\/\/www.hirtenberg-apotheke.at\/katalog\/produkt\/neuners-kraeutertee-tradition-nr-8-entsaeuernd-fuer-den-magen\/","title":{"rendered":"Neuner&#8217;s Kr\u00e4utertee Tradition Nr.8 ents\u00e4uernd f\u00fcr den Magen"},"content":{"rendered":"","protected":false},"excerpt":{"rendered":"","protected":false},"featured_media":100702,"template":"","meta":{"_acf_changed":false},"product_brand":[995],"product_cat":[310],"product_tag":[],"class_list":{"0":"post-100700","1":"product","2":"type-product","3":"status-publish","4":"has-post-thumbnail","6":"product_brand-neuner","7":"product_cat-n","8":"pa_packungsgroesse-50g","10":"first","11":"instock","12":"shipping-taxable","13":"purchasable","14":"product-type-simple"},"acf":[],"_links":{"self":[{"href":"https:\/\/www.hirtenberg-apotheke.at\/katalog\/wp-json\/wp\/v2\/product\/100700","targetHints":{"allow":["GET"]}}],"collection":[{"href":"https:\/\/www.hirtenberg-apotheke.at\/katalog\/wp-json\/wp\/v2\/product"}],"about":[{"href":"https:\/\/www.hirtenberg-apotheke.at\/katalog\/wp-json\/wp\/v2\/types\/product"}],"wp:featuredmedia":[{"embeddable":true,"href":"https:\/\/www.hirtenberg-apotheke.at\/katalog\/wp-json\/wp\/v2\/media\/100702"}],"wp:attachment":[{"href":"https:\/\/www.hirtenberg-apotheke.at\/katalog\/wp-json\/wp\/v2\/media?parent=100700"}],"wp:term":[{"taxonomy":"product_brand","embeddable":true,"href":"https:\/\/www.hirtenberg-apotheke.at\/katalog\/wp-json\/wp\/v2\/product_brand?post=100700"},{"taxonomy":"product_cat","embeddable":true,"href":"https:\/\/www.hirtenberg-apotheke.at\/katalog\/wp-json\/wp\/v2\/product_cat?post=100700"},{"taxonomy":"product_tag","embeddable":true,"href":"https:\/\/www.hirtenberg-apotheke.at\/katalog\/wp-json\/wp\/v2\/product_tag?post=100700"}],"curies":[{"name":"wp","href":"https:\/\/api.w.org\/{rel}","templated":true}]}}