{"id":100759,"date":"2025-12-02T23:07:26","date_gmt":"2025-12-02T22:07:26","guid":{"rendered":"https:\/\/www.hirtenberg-apotheke.at\/katalog\/produkt\/nexa-lotte-mottenschutz-2-stk\/"},"modified":"2025-12-02T23:08:09","modified_gmt":"2025-12-02T22:08:09","slug":"nexa-lotte-mottenschutz-2-stk","status":"publish","type":"product","link":"https:\/\/www.hirtenberg-apotheke.at\/katalog\/produkt\/nexa-lotte-mottenschutz-2-stk\/","title":{"rendered":"Nexa Lotte Mottenschutz 2 Stk."},"content":{"rendered":"<p>Nexa Lotte Mottenschutz sind Papierstreifen f\u00fcr Schr\u00e4nke und Beh\u00e4lter. Der Mottenschutz wirkt vorbeugend gegen Mottenlarven und Pelzk\u00e4ferlarven. Au\u00dferdem sch\u00fctzt der geruchlose Schutz 6 Monate gegen diese L\u00e4stlinge..<\/p>\n","protected":false},"excerpt":{"rendered":"<p>Nexa Lotte Mottenschutz sind Papierstreifen f\u00fcr Schr\u00e4nke und Beh\u00e4lter. Der Mottenschutz wirkt vorbeugend gegen Mottenlarven und Pelzk\u00e4ferlarven. Au\u00dferdem sch\u00fctzt der geruchlose Schutz 6 Monate gegen diese L\u00e4stlinge..<\/p>\n","protected":false},"featured_media":100761,"template":"","meta":{"_acf_changed":false},"product_brand":[],"product_cat":[310],"product_tag":[],"class_list":{"0":"post-100759","1":"product","2":"type-product","3":"status-publish","4":"has-post-thumbnail","6":"product_cat-n","7":"pa_packungsgroesse-2-stueck","9":"first","10":"instock","11":"shipping-taxable","12":"purchasable","13":"product-type-simple"},"acf":[],"_links":{"self":[{"href":"https:\/\/www.hirtenberg-apotheke.at\/katalog\/wp-json\/wp\/v2\/product\/100759","targetHints":{"allow":["GET"]}}],"collection":[{"href":"https:\/\/www.hirtenberg-apotheke.at\/katalog\/wp-json\/wp\/v2\/product"}],"about":[{"href":"https:\/\/www.hirtenberg-apotheke.at\/katalog\/wp-json\/wp\/v2\/types\/product"}],"wp:featuredmedia":[{"embeddable":true,"href":"https:\/\/www.hirtenberg-apotheke.at\/katalog\/wp-json\/wp\/v2\/media\/100761"}],"wp:attachment":[{"href":"https:\/\/www.hirtenberg-apotheke.at\/katalog\/wp-json\/wp\/v2\/media?parent=100759"}],"wp:term":[{"taxonomy":"product_brand","embeddable":true,"href":"https:\/\/www.hirtenberg-apotheke.at\/katalog\/wp-json\/wp\/v2\/product_brand?post=100759"},{"taxonomy":"product_cat","embeddable":true,"href":"https:\/\/www.hirtenberg-apotheke.at\/katalog\/wp-json\/wp\/v2\/product_cat?post=100759"},{"taxonomy":"product_tag","embeddable":true,"href":"https:\/\/www.hirtenberg-apotheke.at\/katalog\/wp-json\/wp\/v2\/product_tag?post=100759"}],"curies":[{"name":"wp","href":"https:\/\/api.w.org\/{rel}","templated":true}]}}