{"id":100798,"date":"2025-12-03T06:39:42","date_gmt":"2025-12-03T05:39:42","guid":{"rendered":"https:\/\/www.hirtenberg-apotheke.at\/katalog\/produkt\/nicapur-zinkcitrat-30-60-stk\/"},"modified":"2025-12-03T06:40:04","modified_gmt":"2025-12-03T05:40:04","slug":"nicapur-zinkcitrat-30-60-stk","status":"publish","type":"product","link":"https:\/\/www.hirtenberg-apotheke.at\/katalog\/produkt\/nicapur-zinkcitrat-30-60-stk\/","title":{"rendered":"Nicapur Zinkcitrat 30 60 Stk."},"content":{"rendered":"<p>Zinkcitrat 30 ist ein Nahrungserg\u00e4nzungsmittel mit einem hohem Anteil des Spurenelements Zink in der organischen Citratverbindung zur gezielten Zinkversorgung. Zink ist im K\u00f6rper an vielen grundlegenden Prozessen beteiligt: an der Zellteilung, bei der DNA-Synthese, im Fett- und Eiwei\u00df-Stoffwechsel, der Immunfunktion und Schutz vor oxidativem Stress. Weiters ist es wichtig f\u00fcr den Erhalt von Knochen, Haut, Haaren und N\u00e4geln und tr\u00e4gt zur Fruchtbarkeit und einem normalen Testosteronhaushalt im Blut bei. Zink unterst\u00fctzt ebenso eine normale kognitive Funktion und einen normalen S\u00e4ure-Basen-Haushalt.<\/p>\n","protected":false},"excerpt":{"rendered":"<p>Zinkcitrat 30 ist ein Nahrungserg\u00e4nzungsmittel mit einem hohem Anteil des Spurenelements Zink in der organischen Citratverbindung zur gezielten Zinkversorgung. Zink ist im K\u00f6rper an vielen grundlegenden Prozessen beteiligt: an der Zellteilung, bei der DNA-Synthese, im Fett- und Eiwei\u00df-Stoffwechsel, der Immunfunktion und Schutz vor oxidativem Stress. Weiters ist es wichtig f\u00fcr den Erhalt von Knochen, Haut, [&hellip;]<\/p>\n","protected":false},"featured_media":100800,"template":"","meta":{"_acf_changed":false},"product_brand":[309],"product_cat":[310],"product_tag":[],"class_list":{"0":"post-100798","1":"product","2":"type-product","3":"status-publish","4":"has-post-thumbnail","6":"product_brand-nicapur","7":"product_cat-n","8":"pa_packungsgroesse-60-stueck","10":"first","11":"instock","12":"shipping-taxable","13":"purchasable","14":"product-type-simple"},"acf":[],"_links":{"self":[{"href":"https:\/\/www.hirtenberg-apotheke.at\/katalog\/wp-json\/wp\/v2\/product\/100798","targetHints":{"allow":["GET"]}}],"collection":[{"href":"https:\/\/www.hirtenberg-apotheke.at\/katalog\/wp-json\/wp\/v2\/product"}],"about":[{"href":"https:\/\/www.hirtenberg-apotheke.at\/katalog\/wp-json\/wp\/v2\/types\/product"}],"wp:featuredmedia":[{"embeddable":true,"href":"https:\/\/www.hirtenberg-apotheke.at\/katalog\/wp-json\/wp\/v2\/media\/100800"}],"wp:attachment":[{"href":"https:\/\/www.hirtenberg-apotheke.at\/katalog\/wp-json\/wp\/v2\/media?parent=100798"}],"wp:term":[{"taxonomy":"product_brand","embeddable":true,"href":"https:\/\/www.hirtenberg-apotheke.at\/katalog\/wp-json\/wp\/v2\/product_brand?post=100798"},{"taxonomy":"product_cat","embeddable":true,"href":"https:\/\/www.hirtenberg-apotheke.at\/katalog\/wp-json\/wp\/v2\/product_cat?post=100798"},{"taxonomy":"product_tag","embeddable":true,"href":"https:\/\/www.hirtenberg-apotheke.at\/katalog\/wp-json\/wp\/v2\/product_tag?post=100798"}],"curies":[{"name":"wp","href":"https:\/\/api.w.org\/{rel}","templated":true}]}}