{"id":100807,"date":"2025-12-03T06:39:42","date_gmt":"2025-12-03T05:39:42","guid":{"rendered":"https:\/\/www.hirtenberg-apotheke.at\/katalog\/produkt\/nicapur-vitamin-d-1000-120-stk\/"},"modified":"2025-12-03T06:40:28","modified_gmt":"2025-12-03T05:40:28","slug":"nicapur-vitamin-d-1000-120-stk","status":"publish","type":"product","link":"https:\/\/www.hirtenberg-apotheke.at\/katalog\/produkt\/nicapur-vitamin-d-1000-120-stk\/","title":{"rendered":"Nicapur Vitamin D 1000 120 Stk."},"content":{"rendered":"<p>Nicapur Vitamin D 1000 ist ein Nahrungserg\u00e4nzungsmittel mit einem besonders hohem Gehalt an Vitamin D. Vitamin D unterst\u00fctzt die normale Funktion des Immunsystems und leistet einen wesentlichen Beitrag f\u00fcr die Funktion der Muskeln, f\u00fcr die Knochen sowie f\u00fcr die Aufrechterhaltung eines normalen Calcium-Spiegels im Blut.<\/p>\n","protected":false},"excerpt":{"rendered":"<p>Nicapur Vitamin D 1000 ist ein Nahrungserg\u00e4nzungsmittel mit einem besonders hohem Gehalt an Vitamin D. Vitamin D unterst\u00fctzt die normale Funktion des Immunsystems und leistet einen wesentlichen Beitrag f\u00fcr die Funktion der Muskeln, f\u00fcr die Knochen sowie f\u00fcr die Aufrechterhaltung eines normalen Calcium-Spiegels im Blut.<\/p>\n","protected":false},"featured_media":0,"template":"","meta":{"_acf_changed":false},"product_brand":[309],"product_cat":[310],"product_tag":[],"class_list":{"0":"post-100807","1":"product","2":"type-product","3":"status-publish","5":"product_brand-nicapur","6":"product_cat-n","7":"pa_packungsgroesse-120-stueck","9":"first","10":"instock","11":"shipping-taxable","12":"purchasable","13":"product-type-simple"},"acf":[],"_links":{"self":[{"href":"https:\/\/www.hirtenberg-apotheke.at\/katalog\/wp-json\/wp\/v2\/product\/100807","targetHints":{"allow":["GET"]}}],"collection":[{"href":"https:\/\/www.hirtenberg-apotheke.at\/katalog\/wp-json\/wp\/v2\/product"}],"about":[{"href":"https:\/\/www.hirtenberg-apotheke.at\/katalog\/wp-json\/wp\/v2\/types\/product"}],"wp:attachment":[{"href":"https:\/\/www.hirtenberg-apotheke.at\/katalog\/wp-json\/wp\/v2\/media?parent=100807"}],"wp:term":[{"taxonomy":"product_brand","embeddable":true,"href":"https:\/\/www.hirtenberg-apotheke.at\/katalog\/wp-json\/wp\/v2\/product_brand?post=100807"},{"taxonomy":"product_cat","embeddable":true,"href":"https:\/\/www.hirtenberg-apotheke.at\/katalog\/wp-json\/wp\/v2\/product_cat?post=100807"},{"taxonomy":"product_tag","embeddable":true,"href":"https:\/\/www.hirtenberg-apotheke.at\/katalog\/wp-json\/wp\/v2\/product_tag?post=100807"}],"curies":[{"name":"wp","href":"https:\/\/api.w.org\/{rel}","templated":true}]}}