{"id":100910,"date":"2025-12-03T06:43:52","date_gmt":"2025-12-03T05:43:52","guid":{"rendered":"https:\/\/www.hirtenberg-apotheke.at\/katalog\/produkt\/episoft-a-200-ml\/"},"modified":"2025-12-03T06:44:10","modified_gmt":"2025-12-03T05:44:10","slug":"episoft-a-200-ml","status":"publish","type":"product","link":"https:\/\/www.hirtenberg-apotheke.at\/katalog\/produkt\/episoft-a-200-ml\/","title":{"rendered":"Episoft A 200 ml"},"content":{"rendered":"<p>Episoft A ist eine Emulsion, welche zur Anregung des Hautstoffwechsels dient. Au\u00dferdem bewirkt dieses Produkt eine nachhaltige Steigerung des Feuchtigkeitsgehaltes der Haut und beruhigt die Haut.  Des Weiteren unterst\u00fctzt sie die Erhaltung der nat\u00fcrlichen Hautflora, beugt Entz\u00fcndungen vor und lindert Hautreizungen. erhalten Sie dieses Produkt in den Packungsgr\u00f6\u00dfen 50 ml und 200 ml.<\/p>\n","protected":false},"excerpt":{"rendered":"<p>Episoft A ist eine Emulsion, welche zur Anregung des Hautstoffwechsels dient. Au\u00dferdem bewirkt dieses Produkt eine nachhaltige Steigerung des Feuchtigkeitsgehaltes der Haut und beruhigt die Haut. Des Weiteren unterst\u00fctzt sie die Erhaltung der nat\u00fcrlichen Hautflora, beugt Entz\u00fcndungen vor und lindert Hautreizungen. erhalten Sie dieses Produkt in den Packungsgr\u00f6\u00dfen 50 ml und 200 ml.<\/p>\n","protected":false},"featured_media":100912,"template":"","meta":{"_acf_changed":false},"product_brand":[],"product_cat":[307],"product_tag":[],"class_list":{"0":"post-100910","1":"product","2":"type-product","3":"status-publish","4":"has-post-thumbnail","6":"product_cat-e","7":"pa_packungsgroesse-200ml","9":"first","10":"instock","11":"shipping-taxable","12":"purchasable","13":"product-type-simple"},"acf":[],"_links":{"self":[{"href":"https:\/\/www.hirtenberg-apotheke.at\/katalog\/wp-json\/wp\/v2\/product\/100910","targetHints":{"allow":["GET"]}}],"collection":[{"href":"https:\/\/www.hirtenberg-apotheke.at\/katalog\/wp-json\/wp\/v2\/product"}],"about":[{"href":"https:\/\/www.hirtenberg-apotheke.at\/katalog\/wp-json\/wp\/v2\/types\/product"}],"wp:featuredmedia":[{"embeddable":true,"href":"https:\/\/www.hirtenberg-apotheke.at\/katalog\/wp-json\/wp\/v2\/media\/100912"}],"wp:attachment":[{"href":"https:\/\/www.hirtenberg-apotheke.at\/katalog\/wp-json\/wp\/v2\/media?parent=100910"}],"wp:term":[{"taxonomy":"product_brand","embeddable":true,"href":"https:\/\/www.hirtenberg-apotheke.at\/katalog\/wp-json\/wp\/v2\/product_brand?post=100910"},{"taxonomy":"product_cat","embeddable":true,"href":"https:\/\/www.hirtenberg-apotheke.at\/katalog\/wp-json\/wp\/v2\/product_cat?post=100910"},{"taxonomy":"product_tag","embeddable":true,"href":"https:\/\/www.hirtenberg-apotheke.at\/katalog\/wp-json\/wp\/v2\/product_tag?post=100910"}],"curies":[{"name":"wp","href":"https:\/\/api.w.org\/{rel}","templated":true}]}}