{"id":101099,"date":"2025-12-03T06:50:24","date_gmt":"2025-12-03T05:50:24","guid":{"rendered":"https:\/\/www.hirtenberg-apotheke.at\/katalog\/produkt\/trio-a-depigm-emulsion-30-ml\/"},"modified":"2025-12-03T06:51:07","modified_gmt":"2025-12-03T05:51:07","slug":"trio-a-depigm-emulsion-30-ml","status":"publish","type":"product","link":"https:\/\/www.hirtenberg-apotheke.at\/katalog\/produkt\/trio-a-depigm-emulsion-30-ml\/","title":{"rendered":"Trio A Depigm. Emulsion 30 ml"},"content":{"rendered":"<p>Trio A Depigm. Emulsion besitzt durch seine die Tyrosinase hemmende Wirkung anerkannte depigmentierende Eigenschaften. Fruchts\u00e4uren vermindern die Haftung der Hornzellen auf der Haut und unterst\u00fctzen die nat\u00fcrliche Abschilferung.<\/p>\n","protected":false},"excerpt":{"rendered":"<p>Trio A Depigm. Emulsion besitzt durch seine die Tyrosinase hemmende Wirkung anerkannte depigmentierende Eigenschaften. Fruchts\u00e4uren vermindern die Haftung der Hornzellen auf der Haut und unterst\u00fctzen die nat\u00fcrliche Abschilferung.<\/p>\n","protected":false},"featured_media":101101,"template":"","meta":{"_acf_changed":false},"product_brand":[],"product_cat":[319],"product_tag":[],"class_list":{"0":"post-101099","1":"product","2":"type-product","3":"status-publish","4":"has-post-thumbnail","6":"product_cat-t","7":"pa_packungsgroesse-30ml","9":"first","10":"instock","11":"shipping-taxable","12":"purchasable","13":"product-type-simple"},"acf":[],"_links":{"self":[{"href":"https:\/\/www.hirtenberg-apotheke.at\/katalog\/wp-json\/wp\/v2\/product\/101099","targetHints":{"allow":["GET"]}}],"collection":[{"href":"https:\/\/www.hirtenberg-apotheke.at\/katalog\/wp-json\/wp\/v2\/product"}],"about":[{"href":"https:\/\/www.hirtenberg-apotheke.at\/katalog\/wp-json\/wp\/v2\/types\/product"}],"wp:featuredmedia":[{"embeddable":true,"href":"https:\/\/www.hirtenberg-apotheke.at\/katalog\/wp-json\/wp\/v2\/media\/101101"}],"wp:attachment":[{"href":"https:\/\/www.hirtenberg-apotheke.at\/katalog\/wp-json\/wp\/v2\/media?parent=101099"}],"wp:term":[{"taxonomy":"product_brand","embeddable":true,"href":"https:\/\/www.hirtenberg-apotheke.at\/katalog\/wp-json\/wp\/v2\/product_brand?post=101099"},{"taxonomy":"product_cat","embeddable":true,"href":"https:\/\/www.hirtenberg-apotheke.at\/katalog\/wp-json\/wp\/v2\/product_cat?post=101099"},{"taxonomy":"product_tag","embeddable":true,"href":"https:\/\/www.hirtenberg-apotheke.at\/katalog\/wp-json\/wp\/v2\/product_tag?post=101099"}],"curies":[{"name":"wp","href":"https:\/\/api.w.org\/{rel}","templated":true}]}}