{"id":101122,"date":"2025-12-03T06:51:06","date_gmt":"2025-12-03T05:51:06","guid":{"rendered":"https:\/\/www.hirtenberg-apotheke.at\/katalog\/produkt\/noreva-zeniac-lotion\/"},"modified":"2025-12-03T06:51:54","modified_gmt":"2025-12-03T05:51:54","slug":"noreva-zeniac-lotion","status":"publish","type":"product","link":"https:\/\/www.hirtenberg-apotheke.at\/katalog\/produkt\/noreva-zeniac-lotion\/","title":{"rendered":"Noreva Zeniac Lotion"},"content":{"rendered":"<p>Noreva Zeniac Lotion gl\u00e4ttet normal fettende wie auch fettreiche und unreine Haut und h\u00e4lt sie geschmeidig. Die Wirkstoffkombination optimieren den Talgabfluss und beugen der Mitesserbildung vor. Eine verz\u00f6gerte Wirkstoffabgabe aus gleichzeitig mattierenden Mikroschw\u00e4mmchen und die nachhaltig hydratisierende Wirkung erkl\u00e4ren die gute Vertr\u00e4glichkeit von Zeniac, das sich auch hervorragend zur Erg\u00e4nzung jeder Aknetherapie eignet.<\/p>\n","protected":false},"excerpt":{"rendered":"<p>Noreva Zeniac Lotion gl\u00e4ttet normal fettende wie auch fettreiche und unreine Haut und h\u00e4lt sie geschmeidig. Die Wirkstoffkombination optimieren den Talgabfluss und beugen der Mitesserbildung vor. Eine verz\u00f6gerte Wirkstoffabgabe aus gleichzeitig mattierenden Mikroschw\u00e4mmchen und die nachhaltig hydratisierende Wirkung erkl\u00e4ren die gute Vertr\u00e4glichkeit von Zeniac, das sich auch hervorragend zur Erg\u00e4nzung jeder Aknetherapie eignet.<\/p>\n","protected":false},"featured_media":101124,"template":"","meta":{"_acf_changed":false},"product_brand":[],"product_cat":[310],"product_tag":[],"class_list":{"0":"post-101122","1":"product","2":"type-product","3":"status-publish","4":"has-post-thumbnail","6":"product_cat-n","7":"pa_packungsgroesse-125ml","9":"first","10":"instock","11":"shipping-taxable","12":"purchasable","13":"product-type-simple"},"acf":[],"_links":{"self":[{"href":"https:\/\/www.hirtenberg-apotheke.at\/katalog\/wp-json\/wp\/v2\/product\/101122","targetHints":{"allow":["GET"]}}],"collection":[{"href":"https:\/\/www.hirtenberg-apotheke.at\/katalog\/wp-json\/wp\/v2\/product"}],"about":[{"href":"https:\/\/www.hirtenberg-apotheke.at\/katalog\/wp-json\/wp\/v2\/types\/product"}],"wp:featuredmedia":[{"embeddable":true,"href":"https:\/\/www.hirtenberg-apotheke.at\/katalog\/wp-json\/wp\/v2\/media\/101124"}],"wp:attachment":[{"href":"https:\/\/www.hirtenberg-apotheke.at\/katalog\/wp-json\/wp\/v2\/media?parent=101122"}],"wp:term":[{"taxonomy":"product_brand","embeddable":true,"href":"https:\/\/www.hirtenberg-apotheke.at\/katalog\/wp-json\/wp\/v2\/product_brand?post=101122"},{"taxonomy":"product_cat","embeddable":true,"href":"https:\/\/www.hirtenberg-apotheke.at\/katalog\/wp-json\/wp\/v2\/product_cat?post=101122"},{"taxonomy":"product_tag","embeddable":true,"href":"https:\/\/www.hirtenberg-apotheke.at\/katalog\/wp-json\/wp\/v2\/product_tag?post=101122"}],"curies":[{"name":"wp","href":"https:\/\/api.w.org\/{rel}","templated":true}]}}