{"id":101152,"date":"2025-12-03T06:52:37","date_gmt":"2025-12-03T05:52:37","guid":{"rendered":"https:\/\/www.hirtenberg-apotheke.at\/katalog\/produkt\/norsan-omega-3-arktis-kapseln-120-stk\/"},"modified":"2025-12-03T06:52:41","modified_gmt":"2025-12-03T05:52:41","slug":"norsan-omega-3-arktis-kapseln-120-stk","status":"publish","type":"product","link":"https:\/\/www.hirtenberg-apotheke.at\/katalog\/produkt\/norsan-omega-3-arktis-kapseln-120-stk\/","title":{"rendered":"NORSAN Omega-3 Arktis Kapseln 120 Stk."},"content":{"rendered":"<p>Omega-3 Arktis-Kapseln enthalten rein nat\u00fcrliches Dorsch\u00f6l aus nachhaltiger arktischer Fischerei. Gut f\u00fcr Herz, Augen und Gehirn.<\/p>\n","protected":false},"excerpt":{"rendered":"<p>Omega-3 Arktis-Kapseln enthalten rein nat\u00fcrliches Dorsch\u00f6l aus nachhaltiger arktischer Fischerei. Gut f\u00fcr Herz, Augen und Gehirn.<\/p>\n","protected":false},"featured_media":101154,"template":"","meta":{"_acf_changed":false},"product_brand":[],"product_cat":[310],"product_tag":[],"class_list":{"0":"post-101152","1":"product","2":"type-product","3":"status-publish","4":"has-post-thumbnail","6":"product_cat-n","7":"pa_packungsgroesse-120-stueck","9":"first","10":"instock","11":"shipping-taxable","12":"purchasable","13":"product-type-simple"},"acf":[],"_links":{"self":[{"href":"https:\/\/www.hirtenberg-apotheke.at\/katalog\/wp-json\/wp\/v2\/product\/101152","targetHints":{"allow":["GET"]}}],"collection":[{"href":"https:\/\/www.hirtenberg-apotheke.at\/katalog\/wp-json\/wp\/v2\/product"}],"about":[{"href":"https:\/\/www.hirtenberg-apotheke.at\/katalog\/wp-json\/wp\/v2\/types\/product"}],"wp:featuredmedia":[{"embeddable":true,"href":"https:\/\/www.hirtenberg-apotheke.at\/katalog\/wp-json\/wp\/v2\/media\/101154"}],"wp:attachment":[{"href":"https:\/\/www.hirtenberg-apotheke.at\/katalog\/wp-json\/wp\/v2\/media?parent=101152"}],"wp:term":[{"taxonomy":"product_brand","embeddable":true,"href":"https:\/\/www.hirtenberg-apotheke.at\/katalog\/wp-json\/wp\/v2\/product_brand?post=101152"},{"taxonomy":"product_cat","embeddable":true,"href":"https:\/\/www.hirtenberg-apotheke.at\/katalog\/wp-json\/wp\/v2\/product_cat?post=101152"},{"taxonomy":"product_tag","embeddable":true,"href":"https:\/\/www.hirtenberg-apotheke.at\/katalog\/wp-json\/wp\/v2\/product_tag?post=101152"}],"curies":[{"name":"wp","href":"https:\/\/api.w.org\/{rel}","templated":true}]}}