{"id":101186,"date":"2025-12-03T06:53:51","date_gmt":"2025-12-03T05:53:51","guid":{"rendered":"https:\/\/www.hirtenberg-apotheke.at\/katalog\/produkt\/nuxe-insta-masque-reinigende-und-glaettende-gesichtsmaske-50-ml\/"},"modified":"2025-12-03T06:53:58","modified_gmt":"2025-12-03T05:53:58","slug":"nuxe-insta-masque-reinigende-und-glaettende-gesichtsmaske-50-ml","status":"publish","type":"product","link":"https:\/\/www.hirtenberg-apotheke.at\/katalog\/produkt\/nuxe-insta-masque-reinigende-und-glaettende-gesichtsmaske-50-ml\/","title":{"rendered":"Nuxe Insta-Masque Reinigende und gl\u00e4ttende Gesichtsmaske 50 ml"},"content":{"rendered":"<p>Diese reinigende Gesichtsmaske bietet eine Kombination aus den Vorteilen von floralem Rosenwasser und wei\u00dfer Tonerde, um die Haut sanft zu reinigen.Innerhalb von zwei Minuten ist die Haut gekl\u00e4rt und sichtbar gegl\u00e4ttet. Die extrem sinnliche, frische, luftige Textur trocknet die Haut nicht aus und garantiert, dass sie nicht spannt, sodass sie sich angenehm anf\u00fchlt.<\/p>\n","protected":false},"excerpt":{"rendered":"<p>Diese reinigende Gesichtsmaske bietet eine Kombination aus den Vorteilen von floralem Rosenwasser und wei\u00dfer Tonerde, um die Haut sanft zu reinigen.Innerhalb von zwei Minuten ist die Haut gekl\u00e4rt und sichtbar gegl\u00e4ttet. Die extrem sinnliche, frische, luftige Textur trocknet die Haut nicht aus und garantiert, dass sie nicht spannt, sodass sie sich angenehm anf\u00fchlt.<\/p>\n","protected":false},"featured_media":101188,"template":"","meta":{"_acf_changed":false},"product_brand":[720],"product_cat":[310],"product_tag":[],"class_list":{"0":"post-101186","1":"product","2":"type-product","3":"status-publish","4":"has-post-thumbnail","6":"product_brand-nuxe","7":"product_cat-n","8":"pa_packungsgroesse-50ml","10":"first","11":"instock","12":"shipping-taxable","13":"purchasable","14":"product-type-simple"},"acf":[],"_links":{"self":[{"href":"https:\/\/www.hirtenberg-apotheke.at\/katalog\/wp-json\/wp\/v2\/product\/101186","targetHints":{"allow":["GET"]}}],"collection":[{"href":"https:\/\/www.hirtenberg-apotheke.at\/katalog\/wp-json\/wp\/v2\/product"}],"about":[{"href":"https:\/\/www.hirtenberg-apotheke.at\/katalog\/wp-json\/wp\/v2\/types\/product"}],"wp:featuredmedia":[{"embeddable":true,"href":"https:\/\/www.hirtenberg-apotheke.at\/katalog\/wp-json\/wp\/v2\/media\/101188"}],"wp:attachment":[{"href":"https:\/\/www.hirtenberg-apotheke.at\/katalog\/wp-json\/wp\/v2\/media?parent=101186"}],"wp:term":[{"taxonomy":"product_brand","embeddable":true,"href":"https:\/\/www.hirtenberg-apotheke.at\/katalog\/wp-json\/wp\/v2\/product_brand?post=101186"},{"taxonomy":"product_cat","embeddable":true,"href":"https:\/\/www.hirtenberg-apotheke.at\/katalog\/wp-json\/wp\/v2\/product_cat?post=101186"},{"taxonomy":"product_tag","embeddable":true,"href":"https:\/\/www.hirtenberg-apotheke.at\/katalog\/wp-json\/wp\/v2\/product_tag?post=101186"}],"curies":[{"name":"wp","href":"https:\/\/api.w.org\/{rel}","templated":true}]}}