{"id":101189,"date":"2025-12-03T06:53:51","date_gmt":"2025-12-03T05:53:51","guid":{"rendered":"https:\/\/www.hirtenberg-apotheke.at\/katalog\/produkt\/nuxe-men-augencreme-15-ml\/"},"modified":"2025-12-03T06:54:02","modified_gmt":"2025-12-03T05:54:02","slug":"nuxe-men-augencreme-15-ml","status":"publish","type":"product","link":"https:\/\/www.hirtenberg-apotheke.at\/katalog\/produkt\/nuxe-men-augencreme-15-ml\/","title":{"rendered":"Nuxe Men Augencreme 15 ml"},"content":{"rendered":"<p>Nuxe Men Augencreme mit Extrakten aus Eiche und Wei\u00dfbuche hilft wirksam gegen Tr\u00e4nens\u00e4cke und Augenringe, gl\u00e4ttet die Augenkonturen und sch\u00fctzt vor sichtbaren Zeichen der Hautalterung. All das mit nur einem einzigen Produkt. Die Augenkonturen wirken dar\u00fcber hinaus auch straffer.<\/p>\n","protected":false},"excerpt":{"rendered":"<p>Nuxe Men Augencreme mit Extrakten aus Eiche und Wei\u00dfbuche hilft wirksam gegen Tr\u00e4nens\u00e4cke und Augenringe, gl\u00e4ttet die Augenkonturen und sch\u00fctzt vor sichtbaren Zeichen der Hautalterung. All das mit nur einem einzigen Produkt. Die Augenkonturen wirken dar\u00fcber hinaus auch straffer.<\/p>\n","protected":false},"featured_media":101191,"template":"","meta":{"_acf_changed":false},"product_brand":[720],"product_cat":[310],"product_tag":[],"class_list":{"0":"post-101189","1":"product","2":"type-product","3":"status-publish","4":"has-post-thumbnail","6":"product_brand-nuxe","7":"product_cat-n","8":"pa_packungsgroesse-15ml","10":"first","11":"instock","12":"shipping-taxable","13":"purchasable","14":"product-type-simple"},"acf":[],"_links":{"self":[{"href":"https:\/\/www.hirtenberg-apotheke.at\/katalog\/wp-json\/wp\/v2\/product\/101189","targetHints":{"allow":["GET"]}}],"collection":[{"href":"https:\/\/www.hirtenberg-apotheke.at\/katalog\/wp-json\/wp\/v2\/product"}],"about":[{"href":"https:\/\/www.hirtenberg-apotheke.at\/katalog\/wp-json\/wp\/v2\/types\/product"}],"wp:featuredmedia":[{"embeddable":true,"href":"https:\/\/www.hirtenberg-apotheke.at\/katalog\/wp-json\/wp\/v2\/media\/101191"}],"wp:attachment":[{"href":"https:\/\/www.hirtenberg-apotheke.at\/katalog\/wp-json\/wp\/v2\/media?parent=101189"}],"wp:term":[{"taxonomy":"product_brand","embeddable":true,"href":"https:\/\/www.hirtenberg-apotheke.at\/katalog\/wp-json\/wp\/v2\/product_brand?post=101189"},{"taxonomy":"product_cat","embeddable":true,"href":"https:\/\/www.hirtenberg-apotheke.at\/katalog\/wp-json\/wp\/v2\/product_cat?post=101189"},{"taxonomy":"product_tag","embeddable":true,"href":"https:\/\/www.hirtenberg-apotheke.at\/katalog\/wp-json\/wp\/v2\/product_tag?post=101189"}],"curies":[{"name":"wp","href":"https:\/\/api.w.org\/{rel}","templated":true}]}}