{"id":101230,"date":"2025-12-03T06:54:57","date_gmt":"2025-12-03T05:54:57","guid":{"rendered":"https:\/\/www.hirtenberg-apotheke.at\/katalog\/produkt\/oleovital-melatonin-mundspray-25-ml\/"},"modified":"2025-12-03T06:55:47","modified_gmt":"2025-12-03T05:55:47","slug":"oleovital-melatonin-mundspray-25-ml","status":"publish","type":"product","link":"https:\/\/www.hirtenberg-apotheke.at\/katalog\/produkt\/oleovital-melatonin-mundspray-25-ml\/","title":{"rendered":"Oleovital Melatonin Mundspray 25 ml"},"content":{"rendered":"<p>OLEOvital\u00ae Melatonin Mundspray sorgt mit einer innovativen, praktischen Darreichungsform f\u00fcr erholsamen Schlaf. F\u00fcr die Einnahme ist kein Wasser erforderlich! 125 Sprayst\u00f6\u00dfe mit k\u00f6stlichem Johannisbeergeschmack<\/p>\n","protected":false},"excerpt":{"rendered":"<p>OLEOvital\u00ae Melatonin Mundspray sorgt mit einer innovativen, praktischen Darreichungsform f\u00fcr erholsamen Schlaf. F\u00fcr die Einnahme ist kein Wasser erforderlich! 125 Sprayst\u00f6\u00dfe mit k\u00f6stlichem Johannisbeergeschmack<\/p>\n","protected":false},"featured_media":0,"template":"","meta":{"_acf_changed":false},"product_brand":[],"product_cat":[349],"product_tag":[],"class_list":{"0":"post-101230","1":"product","2":"type-product","3":"status-publish","5":"product_cat-o","6":"pa_packungsgroesse-25ml","8":"first","9":"instock","10":"shipping-taxable","11":"purchasable","12":"product-type-simple"},"acf":[],"_links":{"self":[{"href":"https:\/\/www.hirtenberg-apotheke.at\/katalog\/wp-json\/wp\/v2\/product\/101230","targetHints":{"allow":["GET"]}}],"collection":[{"href":"https:\/\/www.hirtenberg-apotheke.at\/katalog\/wp-json\/wp\/v2\/product"}],"about":[{"href":"https:\/\/www.hirtenberg-apotheke.at\/katalog\/wp-json\/wp\/v2\/types\/product"}],"wp:attachment":[{"href":"https:\/\/www.hirtenberg-apotheke.at\/katalog\/wp-json\/wp\/v2\/media?parent=101230"}],"wp:term":[{"taxonomy":"product_brand","embeddable":true,"href":"https:\/\/www.hirtenberg-apotheke.at\/katalog\/wp-json\/wp\/v2\/product_brand?post=101230"},{"taxonomy":"product_cat","embeddable":true,"href":"https:\/\/www.hirtenberg-apotheke.at\/katalog\/wp-json\/wp\/v2\/product_cat?post=101230"},{"taxonomy":"product_tag","embeddable":true,"href":"https:\/\/www.hirtenberg-apotheke.at\/katalog\/wp-json\/wp\/v2\/product_tag?post=101230"}],"curies":[{"name":"wp","href":"https:\/\/api.w.org\/{rel}","templated":true}]}}