{"id":101447,"date":"2025-12-03T07:02:10","date_gmt":"2025-12-03T06:02:10","guid":{"rendered":"https:\/\/www.hirtenberg-apotheke.at\/katalog\/produkt\/mucuna-prur-100mg-kapseln-100-stk\/"},"modified":"2025-12-03T07:02:11","modified_gmt":"2025-12-03T06:02:11","slug":"mucuna-prur-100mg-kapseln-100-stk","status":"publish","type":"product","link":"https:\/\/www.hirtenberg-apotheke.at\/katalog\/produkt\/mucuna-prur-100mg-kapseln-100-stk\/","title":{"rendered":"Mucuna Prur 100mg Kapseln 100 Stk."},"content":{"rendered":"<p>Mucuna Pruriens Kapseln sind reich an Stoffen, die eine positive Stimmung, Lebensfreude und Motivation f\u00f6rdern. Dar\u00fcber hinaus enth\u00e4lt dieses Produkt Phenylalanin und mehrere weitere Stoffe mit ausgepr\u00e4gt positiver Wirkung. Au\u00dferdem wird Mucuna pruriens seit jeher wegen seiner positiven Wirkung auf den Bewegungsapparat und seine konzentrationsf\u00f6rdernde Wirkung angewendet.<\/p>\n","protected":false},"excerpt":{"rendered":"<p>Mucuna Pruriens Kapseln sind reich an Stoffen, die eine positive Stimmung, Lebensfreude und Motivation f\u00f6rdern. Dar\u00fcber hinaus enth\u00e4lt dieses Produkt Phenylalanin und mehrere weitere Stoffe mit ausgepr\u00e4gt positiver Wirkung. Au\u00dferdem wird Mucuna pruriens seit jeher wegen seiner positiven Wirkung auf den Bewegungsapparat und seine konzentrationsf\u00f6rdernde Wirkung angewendet.<\/p>\n","protected":false},"featured_media":0,"template":"","meta":{"_acf_changed":false},"product_brand":[],"product_cat":[308],"product_tag":[],"class_list":{"0":"post-101447","1":"product","2":"type-product","3":"status-publish","5":"product_cat-m","6":"pa_packungsgroesse-100-stueck","8":"first","9":"instock","10":"shipping-taxable","11":"purchasable","12":"product-type-simple"},"acf":[],"_links":{"self":[{"href":"https:\/\/www.hirtenberg-apotheke.at\/katalog\/wp-json\/wp\/v2\/product\/101447","targetHints":{"allow":["GET"]}}],"collection":[{"href":"https:\/\/www.hirtenberg-apotheke.at\/katalog\/wp-json\/wp\/v2\/product"}],"about":[{"href":"https:\/\/www.hirtenberg-apotheke.at\/katalog\/wp-json\/wp\/v2\/types\/product"}],"wp:attachment":[{"href":"https:\/\/www.hirtenberg-apotheke.at\/katalog\/wp-json\/wp\/v2\/media?parent=101447"}],"wp:term":[{"taxonomy":"product_brand","embeddable":true,"href":"https:\/\/www.hirtenberg-apotheke.at\/katalog\/wp-json\/wp\/v2\/product_brand?post=101447"},{"taxonomy":"product_cat","embeddable":true,"href":"https:\/\/www.hirtenberg-apotheke.at\/katalog\/wp-json\/wp\/v2\/product_cat?post=101447"},{"taxonomy":"product_tag","embeddable":true,"href":"https:\/\/www.hirtenberg-apotheke.at\/katalog\/wp-json\/wp\/v2\/product_tag?post=101447"}],"curies":[{"name":"wp","href":"https:\/\/api.w.org\/{rel}","templated":true}]}}