{"id":101941,"date":"2025-12-03T07:12:39","date_gmt":"2025-12-03T06:12:39","guid":{"rendered":"https:\/\/www.hirtenberg-apotheke.at\/katalog\/produkt\/ombe-drink-fuer-erwachsene-8-stk\/"},"modified":"2025-12-03T07:12:52","modified_gmt":"2025-12-03T06:12:52","slug":"ombe-drink-fuer-erwachsene-8-stk","status":"publish","type":"product","link":"https:\/\/www.hirtenberg-apotheke.at\/katalog\/produkt\/ombe-drink-fuer-erwachsene-8-stk\/","title":{"rendered":"OMBE Drink f\u00fcr Erwachsene 8 Stk."},"content":{"rendered":"<p>Die in OMBE Drink enthaltenen hochdosierten 4 Milchs\u00e4urebakterienst\u00e4mme (mindestens 10 Milliarden KBE** pro Fl\u00e4schchen) sind typisch f\u00fcr das Darmmikrobiom und daher sehr gut vertr\u00e4glich. OMBE Drink ist der ideale Begleiter bei Antibiotikatherapie und Stress. Zus\u00e4tzlich liefert das Produkt den wertvollen B-Vitamin Komplex, Arabino-Galactooligosaccharide (AGOS), Beta-Glucan, und Aloe vera: Vitamin B12 und Fols\u00e4ure (Vitamin B9) tragen zur normalen Funktion des Immunsystems (u. a. des darmeigenen Immunsystems) bei. Niacin (Vitamin B3) unterst\u00fctzt den Erhalt der normalen Schleimh\u00e4ute (z. B. der Darmschleimhaut). Beides ist wichtig f\u00fcr die Gesunderhaltung des Darmes. Die optimale Funktion der Darmschleimhaut ist f\u00fcr eine gesunde Verdauung von gro\u00dfer Bedeutung..<\/p>\n","protected":false},"excerpt":{"rendered":"<p>Die in OMBE Drink enthaltenen hochdosierten 4 Milchs\u00e4urebakterienst\u00e4mme (mindestens 10 Milliarden KBE** pro Fl\u00e4schchen) sind typisch f\u00fcr das Darmmikrobiom und daher sehr gut vertr\u00e4glich. OMBE Drink ist der ideale Begleiter bei Antibiotikatherapie und Stress. Zus\u00e4tzlich liefert das Produkt den wertvollen B-Vitamin Komplex, Arabino-Galactooligosaccharide (AGOS), Beta-Glucan, und Aloe vera: Vitamin B12 und Fols\u00e4ure (Vitamin B9) tragen [&hellip;]<\/p>\n","protected":false},"featured_media":0,"template":"","meta":{"_acf_changed":false},"product_brand":[],"product_cat":[349],"product_tag":[],"class_list":{"0":"post-101941","1":"product","2":"type-product","3":"status-publish","5":"product_cat-o","6":"pa_packungsgroesse-8-stueck","8":"first","9":"instock","10":"shipping-taxable","11":"purchasable","12":"product-type-simple"},"acf":[],"_links":{"self":[{"href":"https:\/\/www.hirtenberg-apotheke.at\/katalog\/wp-json\/wp\/v2\/product\/101941","targetHints":{"allow":["GET"]}}],"collection":[{"href":"https:\/\/www.hirtenberg-apotheke.at\/katalog\/wp-json\/wp\/v2\/product"}],"about":[{"href":"https:\/\/www.hirtenberg-apotheke.at\/katalog\/wp-json\/wp\/v2\/types\/product"}],"wp:attachment":[{"href":"https:\/\/www.hirtenberg-apotheke.at\/katalog\/wp-json\/wp\/v2\/media?parent=101941"}],"wp:term":[{"taxonomy":"product_brand","embeddable":true,"href":"https:\/\/www.hirtenberg-apotheke.at\/katalog\/wp-json\/wp\/v2\/product_brand?post=101941"},{"taxonomy":"product_cat","embeddable":true,"href":"https:\/\/www.hirtenberg-apotheke.at\/katalog\/wp-json\/wp\/v2\/product_cat?post=101941"},{"taxonomy":"product_tag","embeddable":true,"href":"https:\/\/www.hirtenberg-apotheke.at\/katalog\/wp-json\/wp\/v2\/product_tag?post=101941"}],"curies":[{"name":"wp","href":"https:\/\/api.w.org\/{rel}","templated":true}]}}