{"id":101943,"date":"2025-12-03T07:12:39","date_gmt":"2025-12-03T06:12:39","guid":{"rendered":"https:\/\/www.hirtenberg-apotheke.at\/katalog\/produkt\/ombe-drink-kids-co-trinkfluid-erdbeer-7ml\/"},"modified":"2025-12-03T07:12:55","modified_gmt":"2025-12-03T06:12:55","slug":"ombe-drink-kids-co-trinkfluid-erdbeer-7ml","status":"publish","type":"product","link":"https:\/\/www.hirtenberg-apotheke.at\/katalog\/produkt\/ombe-drink-kids-co-trinkfluid-erdbeer-7ml\/","title":{"rendered":"OMBE Drink Kids &#038; Co Trinkfluid Erdbeer, 7ml"},"content":{"rendered":"<p>Abgestimmt auf den jungen Darm erg\u00e4nzen Sie mit jeder Anwendung mindestens 5 Milliarden Milchs\u00e4urebakterien, den Vitamin-B-Komplex, AGOS und Aloe vera. OMBE Drink Kids &#038; Co eignet sich f\u00fcr alle Altersklassen. Der besonders fruchtige Erdbeergeschmack macht OMBE Drink Kids &#038; Co besonders beliebt bei Kindern. Dieses Nahrungserg\u00e4nzungsmittel f\u00fchrt mindestens 5 Milliarden vermehrungsf\u00e4hige Milchs\u00e4urebakterien in hochdosierter Zusammensetzung pro Trinkfl\u00e4schchen zu. OMBE Drink enth\u00e4lt eine ausgewogene Mischung aus 4 vermehrungsf\u00e4higen Milchs\u00e4urebakterienst\u00e4mmen, B-Vitaminen, Arabino-Galactooligosaccharide (AGOS) und Aloe vera &#8211; .<\/p>\n","protected":false},"excerpt":{"rendered":"<p>Abgestimmt auf den jungen Darm erg\u00e4nzen Sie mit jeder Anwendung mindestens 5 Milliarden Milchs\u00e4urebakterien, den Vitamin-B-Komplex, AGOS und Aloe vera. OMBE Drink Kids &#038; Co eignet sich f\u00fcr alle Altersklassen. Der besonders fruchtige Erdbeergeschmack macht OMBE Drink Kids &#038; Co besonders beliebt bei Kindern. Dieses Nahrungserg\u00e4nzungsmittel f\u00fchrt mindestens 5 Milliarden vermehrungsf\u00e4hige Milchs\u00e4urebakterien in hochdosierter Zusammensetzung [&hellip;]<\/p>\n","protected":false},"featured_media":101945,"template":"","meta":{"_acf_changed":false},"product_brand":[],"product_cat":[349],"product_tag":[],"class_list":{"0":"post-101943","1":"product","2":"type-product","3":"status-publish","4":"has-post-thumbnail","6":"product_cat-o","7":"pa_packungsgroesse-8-stueck","9":"first","10":"instock","11":"shipping-taxable","12":"purchasable","13":"product-type-simple"},"acf":[],"_links":{"self":[{"href":"https:\/\/www.hirtenberg-apotheke.at\/katalog\/wp-json\/wp\/v2\/product\/101943","targetHints":{"allow":["GET"]}}],"collection":[{"href":"https:\/\/www.hirtenberg-apotheke.at\/katalog\/wp-json\/wp\/v2\/product"}],"about":[{"href":"https:\/\/www.hirtenberg-apotheke.at\/katalog\/wp-json\/wp\/v2\/types\/product"}],"wp:featuredmedia":[{"embeddable":true,"href":"https:\/\/www.hirtenberg-apotheke.at\/katalog\/wp-json\/wp\/v2\/media\/101945"}],"wp:attachment":[{"href":"https:\/\/www.hirtenberg-apotheke.at\/katalog\/wp-json\/wp\/v2\/media?parent=101943"}],"wp:term":[{"taxonomy":"product_brand","embeddable":true,"href":"https:\/\/www.hirtenberg-apotheke.at\/katalog\/wp-json\/wp\/v2\/product_brand?post=101943"},{"taxonomy":"product_cat","embeddable":true,"href":"https:\/\/www.hirtenberg-apotheke.at\/katalog\/wp-json\/wp\/v2\/product_cat?post=101943"},{"taxonomy":"product_tag","embeddable":true,"href":"https:\/\/www.hirtenberg-apotheke.at\/katalog\/wp-json\/wp\/v2\/product_tag?post=101943"}],"curies":[{"name":"wp","href":"https:\/\/api.w.org\/{rel}","templated":true}]}}