{"id":101967,"date":"2025-12-03T07:13:32","date_gmt":"2025-12-03T06:13:32","guid":{"rendered":"https:\/\/www.hirtenberg-apotheke.at\/katalog\/produkt\/ovufem-sachets-30-stk\/"},"modified":"2025-12-03T07:14:06","modified_gmt":"2025-12-03T06:14:06","slug":"ovufem-sachets-30-stk","status":"publish","type":"product","link":"https:\/\/www.hirtenberg-apotheke.at\/katalog\/produkt\/ovufem-sachets-30-stk\/","title":{"rendered":"Ovufem Sachets 30 Stk."},"content":{"rendered":"<p>Ovufem ist ein Lebensmittel f\u00fcr besondere medizinische Zwecke (bilanzierte Di\u00e4t) zum Di\u00e4tmanagement f\u00fcr Frauen mit PCOS und\/oder Fertilit\u00e4tsst\u00f6rungen.<\/p>\n","protected":false},"excerpt":{"rendered":"<p>Ovufem ist ein Lebensmittel f\u00fcr besondere medizinische Zwecke (bilanzierte Di\u00e4t) zum Di\u00e4tmanagement f\u00fcr Frauen mit PCOS und\/oder Fertilit\u00e4tsst\u00f6rungen.<\/p>\n","protected":false},"featured_media":101969,"template":"","meta":{"_acf_changed":false},"product_brand":[],"product_cat":[349],"product_tag":[],"class_list":{"0":"post-101967","1":"product","2":"type-product","3":"status-publish","4":"has-post-thumbnail","6":"product_cat-o","7":"pa_packungsgroesse-30-stueck","9":"first","10":"instock","11":"shipping-taxable","12":"purchasable","13":"product-type-simple"},"acf":[],"_links":{"self":[{"href":"https:\/\/www.hirtenberg-apotheke.at\/katalog\/wp-json\/wp\/v2\/product\/101967","targetHints":{"allow":["GET"]}}],"collection":[{"href":"https:\/\/www.hirtenberg-apotheke.at\/katalog\/wp-json\/wp\/v2\/product"}],"about":[{"href":"https:\/\/www.hirtenberg-apotheke.at\/katalog\/wp-json\/wp\/v2\/types\/product"}],"wp:featuredmedia":[{"embeddable":true,"href":"https:\/\/www.hirtenberg-apotheke.at\/katalog\/wp-json\/wp\/v2\/media\/101969"}],"wp:attachment":[{"href":"https:\/\/www.hirtenberg-apotheke.at\/katalog\/wp-json\/wp\/v2\/media?parent=101967"}],"wp:term":[{"taxonomy":"product_brand","embeddable":true,"href":"https:\/\/www.hirtenberg-apotheke.at\/katalog\/wp-json\/wp\/v2\/product_brand?post=101967"},{"taxonomy":"product_cat","embeddable":true,"href":"https:\/\/www.hirtenberg-apotheke.at\/katalog\/wp-json\/wp\/v2\/product_cat?post=101967"},{"taxonomy":"product_tag","embeddable":true,"href":"https:\/\/www.hirtenberg-apotheke.at\/katalog\/wp-json\/wp\/v2\/product_tag?post=101967"}],"curies":[{"name":"wp","href":"https:\/\/api.w.org\/{rel}","templated":true}]}}