{"id":101976,"date":"2025-12-03T07:13:32","date_gmt":"2025-12-03T06:13:32","guid":{"rendered":"https:\/\/www.hirtenberg-apotheke.at\/katalog\/produkt\/life-light-oxybasic-antioxidantien-formula-kapseln-60-stk\/"},"modified":"2025-12-03T07:14:10","modified_gmt":"2025-12-03T06:14:10","slug":"life-light-oxybasic-antioxidantien-formula-kapseln-60-stk","status":"publish","type":"product","link":"https:\/\/www.hirtenberg-apotheke.at\/katalog\/produkt\/life-light-oxybasic-antioxidantien-formula-kapseln-60-stk\/","title":{"rendered":"Life Light OxyBasic Antioxidantien-Formula Kapseln 60 Stk."},"content":{"rendered":"<p>Die Life Light OxyBasic Antioxidantien-Formula Kapseln beinhalteen ideal aufeinander abgestimmte, nat\u00fcrliche, pflanzliche Wirkstoffe und Antioxidantien wie Anthocyane, Polyphenole, Resveratrol und OPC, die bei bestimmten fach\u00e4rztlichen Therapien unterst\u00fctzend wirken. Die Pr\u00e4parate sind frei von k\u00fcnstlichen Farb- und Konservierungsstoffen, Gluten und Laktose, werden ohne Gentechnik hergestellt und sind auch f\u00fcr Vegetarier und Veganer geeignet. Nahrungserg\u00e4nzungsmittel dienen nicht als Ersatz f\u00fcr eine abwechslungsreiche und ausgewogene Ern\u00e4hrung. Sie sind f\u00fcr Kinder unerreichbar aufzubewahren und die empfohlene Tagesdosis darf nicht \u00fcberschritten werden.<\/p>\n","protected":false},"excerpt":{"rendered":"<p>Die Life Light OxyBasic Antioxidantien-Formula Kapseln beinhalteen ideal aufeinander abgestimmte, nat\u00fcrliche, pflanzliche Wirkstoffe und Antioxidantien wie Anthocyane, Polyphenole, Resveratrol und OPC, die bei bestimmten fach\u00e4rztlichen Therapien unterst\u00fctzend wirken. Die Pr\u00e4parate sind frei von k\u00fcnstlichen Farb- und Konservierungsstoffen, Gluten und Laktose, werden ohne Gentechnik hergestellt und sind auch f\u00fcr Vegetarier und Veganer geeignet. Nahrungserg\u00e4nzungsmittel dienen nicht [&hellip;]<\/p>\n","protected":false},"featured_media":101978,"template":"","meta":{"_acf_changed":false},"product_brand":[],"product_cat":[317],"product_tag":[],"class_list":{"0":"post-101976","1":"product","2":"type-product","3":"status-publish","4":"has-post-thumbnail","6":"product_cat-l","7":"pa_packungsgroesse-60-stueck","9":"first","10":"instock","11":"shipping-taxable","12":"purchasable","13":"product-type-simple"},"acf":[],"_links":{"self":[{"href":"https:\/\/www.hirtenberg-apotheke.at\/katalog\/wp-json\/wp\/v2\/product\/101976","targetHints":{"allow":["GET"]}}],"collection":[{"href":"https:\/\/www.hirtenberg-apotheke.at\/katalog\/wp-json\/wp\/v2\/product"}],"about":[{"href":"https:\/\/www.hirtenberg-apotheke.at\/katalog\/wp-json\/wp\/v2\/types\/product"}],"wp:featuredmedia":[{"embeddable":true,"href":"https:\/\/www.hirtenberg-apotheke.at\/katalog\/wp-json\/wp\/v2\/media\/101978"}],"wp:attachment":[{"href":"https:\/\/www.hirtenberg-apotheke.at\/katalog\/wp-json\/wp\/v2\/media?parent=101976"}],"wp:term":[{"taxonomy":"product_brand","embeddable":true,"href":"https:\/\/www.hirtenberg-apotheke.at\/katalog\/wp-json\/wp\/v2\/product_brand?post=101976"},{"taxonomy":"product_cat","embeddable":true,"href":"https:\/\/www.hirtenberg-apotheke.at\/katalog\/wp-json\/wp\/v2\/product_cat?post=101976"},{"taxonomy":"product_tag","embeddable":true,"href":"https:\/\/www.hirtenberg-apotheke.at\/katalog\/wp-json\/wp\/v2\/product_tag?post=101976"}],"curies":[{"name":"wp","href":"https:\/\/api.w.org\/{rel}","templated":true}]}}