{"id":101984,"date":"2025-12-03T07:14:09","date_gmt":"2025-12-03T06:14:09","guid":{"rendered":"https:\/\/www.hirtenberg-apotheke.at\/katalog\/produkt\/green-health-b-vitamine-kapseln-90-stk\/"},"modified":"2025-12-03T07:14:40","modified_gmt":"2025-12-03T06:14:40","slug":"green-health-b-vitamine-kapseln-90-stk","status":"publish","type":"product","link":"https:\/\/www.hirtenberg-apotheke.at\/katalog\/produkt\/green-health-b-vitamine-kapseln-90-stk\/","title":{"rendered":"Green Health B-Vitamine Kapseln 90 Stk."},"content":{"rendered":"<p>Green Health B-Vitamine Kapseln enthalten den pflanzlichen Vitamin B-Komplex aus glutenfreiem Bio-Buchweizenkeimpulver, welches das Wohlbefinden auf allen Ebenen unterst\u00fctzt. Da B-Vitamine zu den wasserl\u00f6slichen Vitaminen geh\u00f6ren, welche im K\u00f6rper nicht auf Vorrat gespeichert werden k\u00f6nnen, ist auf eine ausreichende t\u00e4gliche Versorgung zu achten. Die zus\u00e4tzliche Zufuhr von B-Vitamine ist besonders in Zeiten von erh\u00f6htem Stress, f\u00fcr Vegetarier und Veganer sowie f\u00fcr Sportler und alle, die mehr leisten wollen oder m\u00fcssen eine empfehlenswerte Ma\u00dfnahme &#8211; jetzt stark preisreduziert online bestellen!<\/p>\n","protected":false},"excerpt":{"rendered":"<p>Green Health B-Vitamine Kapseln enthalten den pflanzlichen Vitamin B-Komplex aus glutenfreiem Bio-Buchweizenkeimpulver, welches das Wohlbefinden auf allen Ebenen unterst\u00fctzt. Da B-Vitamine zu den wasserl\u00f6slichen Vitaminen geh\u00f6ren, welche im K\u00f6rper nicht auf Vorrat gespeichert werden k\u00f6nnen, ist auf eine ausreichende t\u00e4gliche Versorgung zu achten. Die zus\u00e4tzliche Zufuhr von B-Vitamine ist besonders in Zeiten von erh\u00f6htem Stress, [&hellip;]<\/p>\n","protected":false},"featured_media":101986,"template":"","meta":{"_acf_changed":false},"product_brand":[],"product_cat":[328],"product_tag":[],"class_list":{"0":"post-101984","1":"product","2":"type-product","3":"status-publish","4":"has-post-thumbnail","6":"product_cat-g","7":"pa_packungsgroesse-90-stueck","9":"first","10":"instock","11":"shipping-taxable","12":"purchasable","13":"product-type-simple"},"acf":[],"_links":{"self":[{"href":"https:\/\/www.hirtenberg-apotheke.at\/katalog\/wp-json\/wp\/v2\/product\/101984","targetHints":{"allow":["GET"]}}],"collection":[{"href":"https:\/\/www.hirtenberg-apotheke.at\/katalog\/wp-json\/wp\/v2\/product"}],"about":[{"href":"https:\/\/www.hirtenberg-apotheke.at\/katalog\/wp-json\/wp\/v2\/types\/product"}],"wp:featuredmedia":[{"embeddable":true,"href":"https:\/\/www.hirtenberg-apotheke.at\/katalog\/wp-json\/wp\/v2\/media\/101986"}],"wp:attachment":[{"href":"https:\/\/www.hirtenberg-apotheke.at\/katalog\/wp-json\/wp\/v2\/media?parent=101984"}],"wp:term":[{"taxonomy":"product_brand","embeddable":true,"href":"https:\/\/www.hirtenberg-apotheke.at\/katalog\/wp-json\/wp\/v2\/product_brand?post=101984"},{"taxonomy":"product_cat","embeddable":true,"href":"https:\/\/www.hirtenberg-apotheke.at\/katalog\/wp-json\/wp\/v2\/product_cat?post=101984"},{"taxonomy":"product_tag","embeddable":true,"href":"https:\/\/www.hirtenberg-apotheke.at\/katalog\/wp-json\/wp\/v2\/product_tag?post=101984"}],"curies":[{"name":"wp","href":"https:\/\/api.w.org\/{rel}","templated":true}]}}