{"id":102004,"date":"2025-12-03T07:14:39","date_gmt":"2025-12-03T06:14:39","guid":{"rendered":"https:\/\/www.hirtenberg-apotheke.at\/katalog\/produkt\/pantogar-shampoo-women-200-ml\/"},"modified":"2025-12-03T07:15:28","modified_gmt":"2025-12-03T06:15:28","slug":"pantogar-shampoo-women-200-ml","status":"publish","type":"product","link":"https:\/\/www.hirtenberg-apotheke.at\/katalog\/produkt\/pantogar-shampoo-women-200-ml\/","title":{"rendered":"Pantogar Shampoo WOMEN 200 ml"},"content":{"rendered":"<p>Pantogar\u00ae Shampoo f\u00fcr Frauen 200ml stimuliert gesundes Haarwachstum, erh\u00f6ht die Widerstandskraft des Haares und verbessert die Haarqualit\u00e4t.<\/p>\n","protected":false},"excerpt":{"rendered":"<p>Pantogar\u00ae Shampoo f\u00fcr Frauen 200ml stimuliert gesundes Haarwachstum, erh\u00f6ht die Widerstandskraft des Haares und verbessert die Haarqualit\u00e4t.<\/p>\n","protected":false},"featured_media":0,"template":"","meta":{"_acf_changed":false},"product_brand":[],"product_cat":[302],"product_tag":[],"class_list":{"0":"post-102004","1":"product","2":"type-product","3":"status-publish","5":"product_cat-p","6":"pa_packungsgroesse-200ml","8":"first","9":"instock","10":"shipping-taxable","11":"purchasable","12":"product-type-simple"},"acf":[],"_links":{"self":[{"href":"https:\/\/www.hirtenberg-apotheke.at\/katalog\/wp-json\/wp\/v2\/product\/102004","targetHints":{"allow":["GET"]}}],"collection":[{"href":"https:\/\/www.hirtenberg-apotheke.at\/katalog\/wp-json\/wp\/v2\/product"}],"about":[{"href":"https:\/\/www.hirtenberg-apotheke.at\/katalog\/wp-json\/wp\/v2\/types\/product"}],"wp:attachment":[{"href":"https:\/\/www.hirtenberg-apotheke.at\/katalog\/wp-json\/wp\/v2\/media?parent=102004"}],"wp:term":[{"taxonomy":"product_brand","embeddable":true,"href":"https:\/\/www.hirtenberg-apotheke.at\/katalog\/wp-json\/wp\/v2\/product_brand?post=102004"},{"taxonomy":"product_cat","embeddable":true,"href":"https:\/\/www.hirtenberg-apotheke.at\/katalog\/wp-json\/wp\/v2\/product_cat?post=102004"},{"taxonomy":"product_tag","embeddable":true,"href":"https:\/\/www.hirtenberg-apotheke.at\/katalog\/wp-json\/wp\/v2\/product_tag?post=102004"}],"curies":[{"name":"wp","href":"https:\/\/api.w.org\/{rel}","templated":true}]}}