{"id":102040,"date":"2025-12-03T07:16:11","date_gmt":"2025-12-03T06:16:11","guid":{"rendered":"https:\/\/www.hirtenberg-apotheke.at\/katalog\/produkt\/bort-pedisoft-zehenspreizer-s-2-stk\/"},"modified":"2025-12-03T07:16:26","modified_gmt":"2025-12-03T06:16:26","slug":"bort-pedisoft-zehenspreizer-s-2-stk","status":"publish","type":"product","link":"https:\/\/www.hirtenberg-apotheke.at\/katalog\/produkt\/bort-pedisoft-zehenspreizer-s-2-stk\/","title":{"rendered":"Bort Pedisoft Zehenspreizer  S 2 Stk."},"content":{"rendered":"<p>Bort Pedisoft Zehenspreizer trennt verlagerte und eng anliegende Zehen, sch\u00fctzt vor Wundreiben, Hautreizungen und H\u00fchneraugen. Der Spreitzer ist aus Silikon und daher weich und glatt wie die eigene Haut und angenehm zu tragen. Dank Memory Effekt passt er sich der Kontur jeder Fu\u00dfstelle optimal an, ohne zu verrutschen und kehrt nach dem Tragen sofort wieder in seine urspr\u00fcngliche Form zur\u00fcck.<\/p>\n","protected":false},"excerpt":{"rendered":"<p>Bort Pedisoft Zehenspreizer trennt verlagerte und eng anliegende Zehen, sch\u00fctzt vor Wundreiben, Hautreizungen und H\u00fchneraugen. Der Spreitzer ist aus Silikon und daher weich und glatt wie die eigene Haut und angenehm zu tragen. Dank Memory Effekt passt er sich der Kontur jeder Fu\u00dfstelle optimal an, ohne zu verrutschen und kehrt nach dem Tragen sofort wieder [&hellip;]<\/p>\n","protected":false},"featured_media":102042,"template":"","meta":{"_acf_changed":false},"product_brand":[],"product_cat":[292],"product_tag":[],"class_list":{"0":"post-102040","1":"product","2":"type-product","3":"status-publish","4":"has-post-thumbnail","6":"product_cat-b","7":"pa_packungsgroesse-2-stueck","9":"first","10":"instock","11":"shipping-taxable","12":"purchasable","13":"product-type-simple"},"acf":[],"_links":{"self":[{"href":"https:\/\/www.hirtenberg-apotheke.at\/katalog\/wp-json\/wp\/v2\/product\/102040","targetHints":{"allow":["GET"]}}],"collection":[{"href":"https:\/\/www.hirtenberg-apotheke.at\/katalog\/wp-json\/wp\/v2\/product"}],"about":[{"href":"https:\/\/www.hirtenberg-apotheke.at\/katalog\/wp-json\/wp\/v2\/types\/product"}],"wp:featuredmedia":[{"embeddable":true,"href":"https:\/\/www.hirtenberg-apotheke.at\/katalog\/wp-json\/wp\/v2\/media\/102042"}],"wp:attachment":[{"href":"https:\/\/www.hirtenberg-apotheke.at\/katalog\/wp-json\/wp\/v2\/media?parent=102040"}],"wp:term":[{"taxonomy":"product_brand","embeddable":true,"href":"https:\/\/www.hirtenberg-apotheke.at\/katalog\/wp-json\/wp\/v2\/product_brand?post=102040"},{"taxonomy":"product_cat","embeddable":true,"href":"https:\/\/www.hirtenberg-apotheke.at\/katalog\/wp-json\/wp\/v2\/product_cat?post=102040"},{"taxonomy":"product_tag","embeddable":true,"href":"https:\/\/www.hirtenberg-apotheke.at\/katalog\/wp-json\/wp\/v2\/product_tag?post=102040"}],"curies":[{"name":"wp","href":"https:\/\/api.w.org\/{rel}","templated":true}]}}