{"id":102057,"date":"2025-12-03T07:16:54","date_gmt":"2025-12-03T06:16:54","guid":{"rendered":"https:\/\/www.hirtenberg-apotheke.at\/katalog\/produkt\/curaprox-perio-plus-balance-mundspuelung-200-ml\/"},"modified":"2025-12-03T07:17:14","modified_gmt":"2025-12-03T06:17:14","slug":"curaprox-perio-plus-balance-mundspuelung-200-ml","status":"publish","type":"product","link":"https:\/\/www.hirtenberg-apotheke.at\/katalog\/produkt\/curaprox-perio-plus-balance-mundspuelung-200-ml\/","title":{"rendered":"Curaprox Perio Plus+ Balance Mundsp\u00fclung 200 ml"},"content":{"rendered":"<p>Curaprox Perio Plus+ Balance reduziert Karies- und Gingivitis-Risiko f\u00fcr Tr\u00e4ger orthodontischer Ger\u00e4te &#8211; bei therapiebedingter Mundtrockenheit oder motorischen Einschr\u00e4nkungen  zur Langzeitanwendung.<\/p>\n","protected":false},"excerpt":{"rendered":"<p>Curaprox Perio Plus+ Balance reduziert Karies- und Gingivitis-Risiko f\u00fcr Tr\u00e4ger orthodontischer Ger\u00e4te &#8211; bei therapiebedingter Mundtrockenheit oder motorischen Einschr\u00e4nkungen zur Langzeitanwendung.<\/p>\n","protected":false},"featured_media":102059,"template":"","meta":{"_acf_changed":false},"product_brand":[],"product_cat":[337],"product_tag":[],"class_list":{"0":"post-102057","1":"product","2":"type-product","3":"status-publish","4":"has-post-thumbnail","6":"product_cat-c","7":"pa_packungsgroesse-200ml","9":"first","10":"instock","11":"shipping-taxable","12":"purchasable","13":"product-type-simple"},"acf":[],"_links":{"self":[{"href":"https:\/\/www.hirtenberg-apotheke.at\/katalog\/wp-json\/wp\/v2\/product\/102057","targetHints":{"allow":["GET"]}}],"collection":[{"href":"https:\/\/www.hirtenberg-apotheke.at\/katalog\/wp-json\/wp\/v2\/product"}],"about":[{"href":"https:\/\/www.hirtenberg-apotheke.at\/katalog\/wp-json\/wp\/v2\/types\/product"}],"wp:featuredmedia":[{"embeddable":true,"href":"https:\/\/www.hirtenberg-apotheke.at\/katalog\/wp-json\/wp\/v2\/media\/102059"}],"wp:attachment":[{"href":"https:\/\/www.hirtenberg-apotheke.at\/katalog\/wp-json\/wp\/v2\/media?parent=102057"}],"wp:term":[{"taxonomy":"product_brand","embeddable":true,"href":"https:\/\/www.hirtenberg-apotheke.at\/katalog\/wp-json\/wp\/v2\/product_brand?post=102057"},{"taxonomy":"product_cat","embeddable":true,"href":"https:\/\/www.hirtenberg-apotheke.at\/katalog\/wp-json\/wp\/v2\/product_cat?post=102057"},{"taxonomy":"product_tag","embeddable":true,"href":"https:\/\/www.hirtenberg-apotheke.at\/katalog\/wp-json\/wp\/v2\/product_tag?post=102057"}],"curies":[{"name":"wp","href":"https:\/\/api.w.org\/{rel}","templated":true}]}}