{"id":102120,"date":"2025-12-03T07:18:55","date_gmt":"2025-12-03T06:18:55","guid":{"rendered":"https:\/\/www.hirtenberg-apotheke.at\/katalog\/produkt\/phyto-phytodetox-entgiftungs-shampoo-125-ml\/"},"modified":"2025-12-03T07:19:02","modified_gmt":"2025-12-03T06:19:02","slug":"phyto-phytodetox-entgiftungs-shampoo-125-ml","status":"publish","type":"product","link":"https:\/\/www.hirtenberg-apotheke.at\/katalog\/produkt\/phyto-phytodetox-entgiftungs-shampoo-125-ml\/","title":{"rendered":"Phyto Phytodetox Entgiftungs-Shampoo 125 ml"},"content":{"rendered":"<p>Umweltverschmutzung, Stress, freie Radikale, hartes Wasser\u2026 Unsere Haare und Kopfhaut m\u00fcssen so einiges aushalten. Der zweite Schritt deines Rituals f\u00fcr saubere Haare und Kopfhaut &#8211; ein Shampoo reich an tiefenreinigenden Pflanzenextrakten kombiniert mit pflegenden Wirkstoffen. Das PHYTODETOX Entgiftungsshampoo entfernt effektiv R\u00fcckst\u00e4nde von Stylingr\u00fcckst\u00e4nden sowie von Schmutz- und Staubpartikeln und l\u00e4sst Haare und Kopfhaut wieder atmen.<\/p>\n","protected":false},"excerpt":{"rendered":"<p>Umweltverschmutzung, Stress, freie Radikale, hartes Wasser\u2026 Unsere Haare und Kopfhaut m\u00fcssen so einiges aushalten. Der zweite Schritt deines Rituals f\u00fcr saubere Haare und Kopfhaut &#8211; ein Shampoo reich an tiefenreinigenden Pflanzenextrakten kombiniert mit pflegenden Wirkstoffen. Das PHYTODETOX Entgiftungsshampoo entfernt effektiv R\u00fcckst\u00e4nde von Stylingr\u00fcckst\u00e4nden sowie von Schmutz- und Staubpartikeln und l\u00e4sst Haare und Kopfhaut wieder atmen.<\/p>\n","protected":false},"featured_media":102122,"template":"","meta":{"_acf_changed":false},"product_brand":[748],"product_cat":[302],"product_tag":[],"class_list":{"0":"post-102120","1":"product","2":"type-product","3":"status-publish","4":"has-post-thumbnail","6":"product_brand-phyto","7":"product_cat-p","8":"pa_packungsgroesse-125ml","10":"first","11":"instock","12":"shipping-taxable","13":"purchasable","14":"product-type-simple"},"acf":[],"_links":{"self":[{"href":"https:\/\/www.hirtenberg-apotheke.at\/katalog\/wp-json\/wp\/v2\/product\/102120","targetHints":{"allow":["GET"]}}],"collection":[{"href":"https:\/\/www.hirtenberg-apotheke.at\/katalog\/wp-json\/wp\/v2\/product"}],"about":[{"href":"https:\/\/www.hirtenberg-apotheke.at\/katalog\/wp-json\/wp\/v2\/types\/product"}],"wp:featuredmedia":[{"embeddable":true,"href":"https:\/\/www.hirtenberg-apotheke.at\/katalog\/wp-json\/wp\/v2\/media\/102122"}],"wp:attachment":[{"href":"https:\/\/www.hirtenberg-apotheke.at\/katalog\/wp-json\/wp\/v2\/media?parent=102120"}],"wp:term":[{"taxonomy":"product_brand","embeddable":true,"href":"https:\/\/www.hirtenberg-apotheke.at\/katalog\/wp-json\/wp\/v2\/product_brand?post=102120"},{"taxonomy":"product_cat","embeddable":true,"href":"https:\/\/www.hirtenberg-apotheke.at\/katalog\/wp-json\/wp\/v2\/product_cat?post=102120"},{"taxonomy":"product_tag","embeddable":true,"href":"https:\/\/www.hirtenberg-apotheke.at\/katalog\/wp-json\/wp\/v2\/product_tag?post=102120"}],"curies":[{"name":"wp","href":"https:\/\/api.w.org\/{rel}","templated":true}]}}