{"id":102175,"date":"2025-12-03T07:20:00","date_gmt":"2025-12-03T06:20:00","guid":{"rendered":"https:\/\/www.hirtenberg-apotheke.at\/katalog\/produkt\/prelox-tabletten-60-stk\/"},"modified":"2025-12-03T07:20:42","modified_gmt":"2025-12-03T06:20:42","slug":"prelox-tabletten-60-stk","status":"publish","type":"product","link":"https:\/\/www.hirtenberg-apotheke.at\/katalog\/produkt\/prelox-tabletten-60-stk\/","title":{"rendered":"Prelox Tabletten 60 Stk."},"content":{"rendered":"<p>Prelox ist eine sichere, nichtmedikament\u00f6se Art, die die k\u00f6rpereigene F\u00e4higkeit unterst\u00fctzt, eine Erektion zu halten. Prelox erm\u00f6glicht die Wiedergewinnung eines erf\u00fcllten Sexuallebens, ohne dass dabei die Spontanit\u00e4t verloren geht.<\/p>\n","protected":false},"excerpt":{"rendered":"<p>Prelox ist eine sichere, nichtmedikament\u00f6se Art, die die k\u00f6rpereigene F\u00e4higkeit unterst\u00fctzt, eine Erektion zu halten. Prelox erm\u00f6glicht die Wiedergewinnung eines erf\u00fcllten Sexuallebens, ohne dass dabei die Spontanit\u00e4t verloren geht.<\/p>\n","protected":false},"featured_media":102177,"template":"","meta":{"_acf_changed":false},"product_brand":[],"product_cat":[302],"product_tag":[],"class_list":{"0":"post-102175","1":"product","2":"type-product","3":"status-publish","4":"has-post-thumbnail","6":"product_cat-p","7":"pa_packungsgroesse-60-stueck","9":"first","10":"instock","11":"shipping-taxable","12":"purchasable","13":"product-type-simple"},"acf":[],"_links":{"self":[{"href":"https:\/\/www.hirtenberg-apotheke.at\/katalog\/wp-json\/wp\/v2\/product\/102175","targetHints":{"allow":["GET"]}}],"collection":[{"href":"https:\/\/www.hirtenberg-apotheke.at\/katalog\/wp-json\/wp\/v2\/product"}],"about":[{"href":"https:\/\/www.hirtenberg-apotheke.at\/katalog\/wp-json\/wp\/v2\/types\/product"}],"wp:featuredmedia":[{"embeddable":true,"href":"https:\/\/www.hirtenberg-apotheke.at\/katalog\/wp-json\/wp\/v2\/media\/102177"}],"wp:attachment":[{"href":"https:\/\/www.hirtenberg-apotheke.at\/katalog\/wp-json\/wp\/v2\/media?parent=102175"}],"wp:term":[{"taxonomy":"product_brand","embeddable":true,"href":"https:\/\/www.hirtenberg-apotheke.at\/katalog\/wp-json\/wp\/v2\/product_brand?post=102175"},{"taxonomy":"product_cat","embeddable":true,"href":"https:\/\/www.hirtenberg-apotheke.at\/katalog\/wp-json\/wp\/v2\/product_cat?post=102175"},{"taxonomy":"product_tag","embeddable":true,"href":"https:\/\/www.hirtenberg-apotheke.at\/katalog\/wp-json\/wp\/v2\/product_tag?post=102175"}],"curies":[{"name":"wp","href":"https:\/\/api.w.org\/{rel}","templated":true}]}}