{"id":102215,"date":"2025-12-03T07:21:47","date_gmt":"2025-12-03T06:21:47","guid":{"rendered":"https:\/\/www.hirtenberg-apotheke.at\/katalog\/produkt\/protektin-kraeuterextrakt-creme-50-ml\/"},"modified":"2025-12-03T07:21:52","modified_gmt":"2025-12-03T06:21:52","slug":"protektin-kraeuterextrakt-creme-50-ml","status":"publish","type":"product","link":"https:\/\/www.hirtenberg-apotheke.at\/katalog\/produkt\/protektin-kraeuterextrakt-creme-50-ml\/","title":{"rendered":"Protektin Kr\u00e4uterextrakt Creme 50 ml"},"content":{"rendered":"<p>Protektin Kr\u00e4uterextrakt Creme ist geeignet f\u00fcr ekzematische und problematische Haut mit Neigung zu Ausschl\u00e4gen, Akne und Schuppenflechte, allergischen Ausschl\u00e4gen, Entz\u00fcndungen der Haut und schlecht heilenden Wunden. Beruhigt die Haut bei Juckreiz und pr\u00e4ventiv kann man die Creme gegen die Verbreitung von F\u00e4ulnisbakterien anwenden.<\/p>\n","protected":false},"excerpt":{"rendered":"<p>Protektin Kr\u00e4uterextrakt Creme ist geeignet f\u00fcr ekzematische und problematische Haut mit Neigung zu Ausschl\u00e4gen, Akne und Schuppenflechte, allergischen Ausschl\u00e4gen, Entz\u00fcndungen der Haut und schlecht heilenden Wunden. Beruhigt die Haut bei Juckreiz und pr\u00e4ventiv kann man die Creme gegen die Verbreitung von F\u00e4ulnisbakterien anwenden.<\/p>\n","protected":false},"featured_media":102217,"template":"","meta":{"_acf_changed":false},"product_brand":[],"product_cat":[302],"product_tag":[],"class_list":{"0":"post-102215","1":"product","2":"type-product","3":"status-publish","4":"has-post-thumbnail","6":"product_cat-p","7":"pa_packungsgroesse-50ml","9":"first","10":"instock","11":"shipping-taxable","12":"purchasable","13":"product-type-simple"},"acf":[],"_links":{"self":[{"href":"https:\/\/www.hirtenberg-apotheke.at\/katalog\/wp-json\/wp\/v2\/product\/102215","targetHints":{"allow":["GET"]}}],"collection":[{"href":"https:\/\/www.hirtenberg-apotheke.at\/katalog\/wp-json\/wp\/v2\/product"}],"about":[{"href":"https:\/\/www.hirtenberg-apotheke.at\/katalog\/wp-json\/wp\/v2\/types\/product"}],"wp:featuredmedia":[{"embeddable":true,"href":"https:\/\/www.hirtenberg-apotheke.at\/katalog\/wp-json\/wp\/v2\/media\/102217"}],"wp:attachment":[{"href":"https:\/\/www.hirtenberg-apotheke.at\/katalog\/wp-json\/wp\/v2\/media?parent=102215"}],"wp:term":[{"taxonomy":"product_brand","embeddable":true,"href":"https:\/\/www.hirtenberg-apotheke.at\/katalog\/wp-json\/wp\/v2\/product_brand?post=102215"},{"taxonomy":"product_cat","embeddable":true,"href":"https:\/\/www.hirtenberg-apotheke.at\/katalog\/wp-json\/wp\/v2\/product_cat?post=102215"},{"taxonomy":"product_tag","embeddable":true,"href":"https:\/\/www.hirtenberg-apotheke.at\/katalog\/wp-json\/wp\/v2\/product_tag?post=102215"}],"curies":[{"name":"wp","href":"https:\/\/api.w.org\/{rel}","templated":true}]}}