{"id":102362,"date":"2025-12-03T07:26:32","date_gmt":"2025-12-03T06:26:32","guid":{"rendered":"https:\/\/www.hirtenberg-apotheke.at\/katalog\/produkt\/rabenhorst-750-ml-pflaumi\/"},"modified":"2025-12-03T07:26:57","modified_gmt":"2025-12-03T06:26:57","slug":"rabenhorst-750-ml-pflaumi","status":"publish","type":"product","link":"https:\/\/www.hirtenberg-apotheke.at\/katalog\/produkt\/rabenhorst-750-ml-pflaumi\/","title":{"rendered":"Rabenhorst 750 ml Pflaumi"},"content":{"rendered":"<p>Sorgf\u00e4ltig ausgew\u00e4hlte, sonnengereifte Pflaumen bester Qualit\u00e4t werden sofort nach der Ernte nach traditionellem Verfahren ohne Einsatz von Schwefel getrocknet, zu einem gehaltvoll-fruchtigem Getr\u00e4nk weiterverarbeitet und schonend abgef\u00fcllt &#8211; mit hohem Rabatt bestellen!<\/p>\n","protected":false},"excerpt":{"rendered":"<p>Sorgf\u00e4ltig ausgew\u00e4hlte, sonnengereifte Pflaumen bester Qualit\u00e4t werden sofort nach der Ernte nach traditionellem Verfahren ohne Einsatz von Schwefel getrocknet, zu einem gehaltvoll-fruchtigem Getr\u00e4nk weiterverarbeitet und schonend abgef\u00fcllt &#8211; mit hohem Rabatt bestellen!<\/p>\n","protected":false},"featured_media":102364,"template":"","meta":{"_acf_changed":false},"product_brand":[],"product_cat":[311],"product_tag":[],"class_list":{"0":"post-102362","1":"product","2":"type-product","3":"status-publish","4":"has-post-thumbnail","6":"product_cat-r","7":"pa_packungsgroesse-750ml","9":"first","10":"instock","11":"shipping-taxable","12":"purchasable","13":"product-type-simple"},"acf":[],"_links":{"self":[{"href":"https:\/\/www.hirtenberg-apotheke.at\/katalog\/wp-json\/wp\/v2\/product\/102362","targetHints":{"allow":["GET"]}}],"collection":[{"href":"https:\/\/www.hirtenberg-apotheke.at\/katalog\/wp-json\/wp\/v2\/product"}],"about":[{"href":"https:\/\/www.hirtenberg-apotheke.at\/katalog\/wp-json\/wp\/v2\/types\/product"}],"wp:featuredmedia":[{"embeddable":true,"href":"https:\/\/www.hirtenberg-apotheke.at\/katalog\/wp-json\/wp\/v2\/media\/102364"}],"wp:attachment":[{"href":"https:\/\/www.hirtenberg-apotheke.at\/katalog\/wp-json\/wp\/v2\/media?parent=102362"}],"wp:term":[{"taxonomy":"product_brand","embeddable":true,"href":"https:\/\/www.hirtenberg-apotheke.at\/katalog\/wp-json\/wp\/v2\/product_brand?post=102362"},{"taxonomy":"product_cat","embeddable":true,"href":"https:\/\/www.hirtenberg-apotheke.at\/katalog\/wp-json\/wp\/v2\/product_cat?post=102362"},{"taxonomy":"product_tag","embeddable":true,"href":"https:\/\/www.hirtenberg-apotheke.at\/katalog\/wp-json\/wp\/v2\/product_tag?post=102362"}],"curies":[{"name":"wp","href":"https:\/\/api.w.org\/{rel}","templated":true}]}}