{"id":102462,"date":"2025-12-03T07:29:46","date_gmt":"2025-12-03T06:29:46","guid":{"rendered":"https:\/\/www.hirtenberg-apotheke.at\/katalog\/produkt\/optifree-puremoist-alcon-1-stk-300ml\/"},"modified":"2025-12-03T07:29:48","modified_gmt":"2025-12-03T06:29:48","slug":"optifree-puremoist-alcon-1-stk-300ml","status":"publish","type":"product","link":"https:\/\/www.hirtenberg-apotheke.at\/katalog\/produkt\/optifree-puremoist-alcon-1-stk-300ml\/","title":{"rendered":"Optifree Puremoist Alcon 1 Stk. 300ml"},"content":{"rendered":"<p>Optifree Puremoist Alcon ist eine L\u00f6sung f\u00fcr alle weiche Kontaktlinsen, auch f\u00fcr Silikon-Hydrogel-Linsen. Die einzigartige Zusammensetzung hilft die Feuchtigkeit auf der Linsenoberfl\u00e4che aufzubewahren und sichert den Tragekomfort besonders f\u00fcr empfindliche Augen bis zu 16 Stunden. Die L\u00f6sung ist eine multifunktionale L\u00f6sung, die zum Reinigen, Desinfizieren, Benetzen, Absp\u00fclen und Aufbewahren von Kontaktlinsen dient.<\/p>\n","protected":false},"excerpt":{"rendered":"<p>Optifree Puremoist Alcon ist eine L\u00f6sung f\u00fcr alle weiche Kontaktlinsen, auch f\u00fcr Silikon-Hydrogel-Linsen. Die einzigartige Zusammensetzung hilft die Feuchtigkeit auf der Linsenoberfl\u00e4che aufzubewahren und sichert den Tragekomfort besonders f\u00fcr empfindliche Augen bis zu 16 Stunden. Die L\u00f6sung ist eine multifunktionale L\u00f6sung, die zum Reinigen, Desinfizieren, Benetzen, Absp\u00fclen und Aufbewahren von Kontaktlinsen dient.<\/p>\n","protected":false},"featured_media":0,"template":"","meta":{"_acf_changed":false},"product_brand":[],"product_cat":[349],"product_tag":[],"class_list":{"0":"post-102462","1":"product","2":"type-product","3":"status-publish","5":"product_cat-o","6":"pa_packungsgroesse-1-stueck","8":"first","9":"instock","10":"shipping-taxable","11":"purchasable","12":"product-type-simple"},"acf":[],"_links":{"self":[{"href":"https:\/\/www.hirtenberg-apotheke.at\/katalog\/wp-json\/wp\/v2\/product\/102462","targetHints":{"allow":["GET"]}}],"collection":[{"href":"https:\/\/www.hirtenberg-apotheke.at\/katalog\/wp-json\/wp\/v2\/product"}],"about":[{"href":"https:\/\/www.hirtenberg-apotheke.at\/katalog\/wp-json\/wp\/v2\/types\/product"}],"wp:attachment":[{"href":"https:\/\/www.hirtenberg-apotheke.at\/katalog\/wp-json\/wp\/v2\/media?parent=102462"}],"wp:term":[{"taxonomy":"product_brand","embeddable":true,"href":"https:\/\/www.hirtenberg-apotheke.at\/katalog\/wp-json\/wp\/v2\/product_brand?post=102462"},{"taxonomy":"product_cat","embeddable":true,"href":"https:\/\/www.hirtenberg-apotheke.at\/katalog\/wp-json\/wp\/v2\/product_cat?post=102462"},{"taxonomy":"product_tag","embeddable":true,"href":"https:\/\/www.hirtenberg-apotheke.at\/katalog\/wp-json\/wp\/v2\/product_tag?post=102462"}],"curies":[{"name":"wp","href":"https:\/\/api.w.org\/{rel}","templated":true}]}}