{"id":10249,"date":"2025-11-25T14:08:24","date_gmt":"2025-11-25T13:08:24","guid":{"rendered":"https:\/\/www.hirtenberg-apotheke.at\/katalog\/produkt\/dr-boehm-magnesium-sport-sticks-20-stk\/"},"modified":"2025-11-25T14:08:53","modified_gmt":"2025-11-25T13:08:53","slug":"dr-boehm-magnesium-sport-sticks-20-stk","status":"publish","type":"product","link":"https:\/\/www.hirtenberg-apotheke.at\/katalog\/produkt\/dr-boehm-magnesium-sport-sticks-20-stk\/","title":{"rendered":"Dr. B\u00f6hm Magnesium Sport Sticks 20 Stk."},"content":{"rendered":"<p>Dr. B\u00f6hm Magnesium Sport Sticks bieten eine rasche Magnesiumversorgung ganz ohne Fl\u00fcssigkeit. Ideal f\u00fcr unterwegs.<\/p>\n","protected":false},"excerpt":{"rendered":"<p>Dr. B\u00f6hm Magnesium Sport Sticks bieten eine rasche Magnesiumversorgung ganz ohne Fl\u00fcssigkeit. Ideal f\u00fcr unterwegs.<\/p>\n","protected":false},"featured_media":10251,"template":"","meta":{"_acf_changed":false},"product_brand":[294],"product_cat":[295],"product_tag":[],"class_list":{"0":"post-10249","1":"product","2":"type-product","3":"status-publish","4":"has-post-thumbnail","6":"product_brand-dr-boehm","7":"product_cat-d","8":"pa_packungsgroesse-20-stueck","10":"first","11":"instock","12":"shipping-taxable","13":"purchasable","14":"product-type-simple"},"acf":[],"_links":{"self":[{"href":"https:\/\/www.hirtenberg-apotheke.at\/katalog\/wp-json\/wp\/v2\/product\/10249","targetHints":{"allow":["GET"]}}],"collection":[{"href":"https:\/\/www.hirtenberg-apotheke.at\/katalog\/wp-json\/wp\/v2\/product"}],"about":[{"href":"https:\/\/www.hirtenberg-apotheke.at\/katalog\/wp-json\/wp\/v2\/types\/product"}],"wp:featuredmedia":[{"embeddable":true,"href":"https:\/\/www.hirtenberg-apotheke.at\/katalog\/wp-json\/wp\/v2\/media\/10251"}],"wp:attachment":[{"href":"https:\/\/www.hirtenberg-apotheke.at\/katalog\/wp-json\/wp\/v2\/media?parent=10249"}],"wp:term":[{"taxonomy":"product_brand","embeddable":true,"href":"https:\/\/www.hirtenberg-apotheke.at\/katalog\/wp-json\/wp\/v2\/product_brand?post=10249"},{"taxonomy":"product_cat","embeddable":true,"href":"https:\/\/www.hirtenberg-apotheke.at\/katalog\/wp-json\/wp\/v2\/product_cat?post=10249"},{"taxonomy":"product_tag","embeddable":true,"href":"https:\/\/www.hirtenberg-apotheke.at\/katalog\/wp-json\/wp\/v2\/product_tag?post=10249"}],"curies":[{"name":"wp","href":"https:\/\/api.w.org\/{rel}","templated":true}]}}