{"id":102988,"date":"2025-12-03T07:41:18","date_gmt":"2025-12-03T06:41:18","guid":{"rendered":"https:\/\/www.hirtenberg-apotheke.at\/katalog\/produkt\/puressentiel-anti-stich-abwehrspray-fuer-kinder-60-ml\/"},"modified":"2025-12-03T07:41:21","modified_gmt":"2025-12-03T06:41:21","slug":"puressentiel-anti-stich-abwehrspray-fuer-kinder-60-ml","status":"publish","type":"product","link":"https:\/\/www.hirtenberg-apotheke.at\/katalog\/produkt\/puressentiel-anti-stich-abwehrspray-fuer-kinder-60-ml\/","title":{"rendered":"Puressentiel Anti-Stich Abwehrspray f\u00fcr Kinder 60 ml"},"content":{"rendered":"<p>Puressentiel Anti-Stich Abwehrspray f\u00fcr Kinder 60 ml ist geeignet f\u00fcr Kinder ab 6 Monaten. Die Wirkung des Sprays mit den \u00e4therischen \u00d6len von Zitronen-Eukalyptus h\u00e4lt die M\u00fccken in den befallenen Gebieten fern. Es ist auch gegen andere Stechinsekten wirksam (Zecken, Sandm\u00fccken). Spray ohne Treibgas. Nicht Fettend und nicht klebend.<\/p>\n","protected":false},"excerpt":{"rendered":"<p>Puressentiel Anti-Stich Abwehrspray f\u00fcr Kinder 60 ml ist geeignet f\u00fcr Kinder ab 6 Monaten. Die Wirkung des Sprays mit den \u00e4therischen \u00d6len von Zitronen-Eukalyptus h\u00e4lt die M\u00fccken in den befallenen Gebieten fern. Es ist auch gegen andere Stechinsekten wirksam (Zecken, Sandm\u00fccken). Spray ohne Treibgas. Nicht Fettend und nicht klebend.<\/p>\n","protected":false},"featured_media":0,"template":"","meta":{"_acf_changed":false},"product_brand":[],"product_cat":[302],"product_tag":[],"class_list":{"0":"post-102988","1":"product","2":"type-product","3":"status-publish","5":"product_cat-p","6":"pa_packungsgroesse-60ml","8":"first","9":"instock","10":"shipping-taxable","11":"purchasable","12":"product-type-simple"},"acf":[],"_links":{"self":[{"href":"https:\/\/www.hirtenberg-apotheke.at\/katalog\/wp-json\/wp\/v2\/product\/102988","targetHints":{"allow":["GET"]}}],"collection":[{"href":"https:\/\/www.hirtenberg-apotheke.at\/katalog\/wp-json\/wp\/v2\/product"}],"about":[{"href":"https:\/\/www.hirtenberg-apotheke.at\/katalog\/wp-json\/wp\/v2\/types\/product"}],"wp:attachment":[{"href":"https:\/\/www.hirtenberg-apotheke.at\/katalog\/wp-json\/wp\/v2\/media?parent=102988"}],"wp:term":[{"taxonomy":"product_brand","embeddable":true,"href":"https:\/\/www.hirtenberg-apotheke.at\/katalog\/wp-json\/wp\/v2\/product_brand?post=102988"},{"taxonomy":"product_cat","embeddable":true,"href":"https:\/\/www.hirtenberg-apotheke.at\/katalog\/wp-json\/wp\/v2\/product_cat?post=102988"},{"taxonomy":"product_tag","embeddable":true,"href":"https:\/\/www.hirtenberg-apotheke.at\/katalog\/wp-json\/wp\/v2\/product_tag?post=102988"}],"curies":[{"name":"wp","href":"https:\/\/api.w.org\/{rel}","templated":true}]}}