{"id":103007,"date":"2025-12-03T07:41:44","date_gmt":"2025-12-03T06:41:44","guid":{"rendered":"https:\/\/www.hirtenberg-apotheke.at\/katalog\/produkt\/wala-quarz-d-20-globuli-20-g\/"},"modified":"2025-12-03T07:41:47","modified_gmt":"2025-12-03T06:41:47","slug":"wala-quarz-d-20-globuli-20-g","status":"publish","type":"product","link":"https:\/\/www.hirtenberg-apotheke.at\/katalog\/produkt\/wala-quarz-d-20-globuli-20-g\/","title":{"rendered":"Wala Quarz D 20 Globuli 20 g"},"content":{"rendered":"<p>Wala Quarz D 20 Globuli werden bei Abgrenzungsst\u00f6rungen gegen\u00fcber \u00e4u\u00dferen Einwirkungen, wie akuten und chronischen Entz\u00fcndungen der Sinnesorgane sowie der Haut und Schleimhaut eingesetzt. So dient das Produkt etwa zur Begleitbehandlung bei Mittelohrentz\u00fcndung, wird aber auch bei Verdauungsschw\u00e4che empfohlen.<\/p>\n","protected":false},"excerpt":{"rendered":"<p>Wala Quarz D 20 Globuli werden bei Abgrenzungsst\u00f6rungen gegen\u00fcber \u00e4u\u00dferen Einwirkungen, wie akuten und chronischen Entz\u00fcndungen der Sinnesorgane sowie der Haut und Schleimhaut eingesetzt. So dient das Produkt etwa zur Begleitbehandlung bei Mittelohrentz\u00fcndung, wird aber auch bei Verdauungsschw\u00e4che empfohlen.<\/p>\n","protected":false},"featured_media":0,"template":"","meta":{"_acf_changed":false},"product_brand":[857],"product_cat":[368],"product_tag":[],"class_list":{"0":"post-103007","1":"product","2":"type-product","3":"status-publish","5":"product_brand-wala","6":"product_cat-w","7":"pa_packungsgroesse-20g","9":"first","10":"instock","11":"shipping-taxable","12":"purchasable","13":"product-type-simple"},"acf":[],"_links":{"self":[{"href":"https:\/\/www.hirtenberg-apotheke.at\/katalog\/wp-json\/wp\/v2\/product\/103007","targetHints":{"allow":["GET"]}}],"collection":[{"href":"https:\/\/www.hirtenberg-apotheke.at\/katalog\/wp-json\/wp\/v2\/product"}],"about":[{"href":"https:\/\/www.hirtenberg-apotheke.at\/katalog\/wp-json\/wp\/v2\/types\/product"}],"wp:attachment":[{"href":"https:\/\/www.hirtenberg-apotheke.at\/katalog\/wp-json\/wp\/v2\/media?parent=103007"}],"wp:term":[{"taxonomy":"product_brand","embeddable":true,"href":"https:\/\/www.hirtenberg-apotheke.at\/katalog\/wp-json\/wp\/v2\/product_brand?post=103007"},{"taxonomy":"product_cat","embeddable":true,"href":"https:\/\/www.hirtenberg-apotheke.at\/katalog\/wp-json\/wp\/v2\/product_cat?post=103007"},{"taxonomy":"product_tag","embeddable":true,"href":"https:\/\/www.hirtenberg-apotheke.at\/katalog\/wp-json\/wp\/v2\/product_tag?post=103007"}],"curies":[{"name":"wp","href":"https:\/\/api.w.org\/{rel}","templated":true}]}}