{"id":103194,"date":"2025-12-03T07:45:37","date_gmt":"2025-12-03T06:45:37","guid":{"rendered":"https:\/\/www.hirtenberg-apotheke.at\/katalog\/produkt\/rescue-night-pearls-28-stk\/"},"modified":"2025-12-03T07:45:43","modified_gmt":"2025-12-03T06:45:43","slug":"rescue-night-pearls-28-stk","status":"publish","type":"product","link":"https:\/\/www.hirtenberg-apotheke.at\/katalog\/produkt\/rescue-night-pearls-28-stk\/","title":{"rendered":"RESCUE Night Pearls 28 Stk."},"content":{"rendered":"<p>Die 38 Original Bach-Bl\u00fctenessenzen\u00ae &#038; dieOriginal Bach\u00ae-Bl\u00fctenmischung RESCUE\u00ae wurdein den 1930er Jahren von dem Engl\u00e4nder EdwardBach konzipiert.Die Perlen enthalten eine Kombination aus derOriginal Bach\u00ae-Bl\u00fctenmischung RESCUE\u00ae undder Original Bach\u00ae-Bl\u00fcten Wei\u00dfe Kastanie.White Chestnut ist Gef\u00fchlen der Unruhezugeordnet, z.B. wenn sich die Gedanken immerum dasselbe drehen.Die Original Bach\u00ae-Bl\u00fctenmischung f\u00fcr die Nacht!<\/p>\n","protected":false},"excerpt":{"rendered":"<p>Die 38 Original Bach-Bl\u00fctenessenzen\u00ae &#038; dieOriginal Bach\u00ae-Bl\u00fctenmischung RESCUE\u00ae wurdein den 1930er Jahren von dem Engl\u00e4nder EdwardBach konzipiert.Die Perlen enthalten eine Kombination aus derOriginal Bach\u00ae-Bl\u00fctenmischung RESCUE\u00ae undder Original Bach\u00ae-Bl\u00fcten Wei\u00dfe Kastanie.White Chestnut ist Gef\u00fchlen der Unruhezugeordnet, z.B. wenn sich die Gedanken immerum dasselbe drehen.Die Original Bach\u00ae-Bl\u00fctenmischung f\u00fcr die Nacht!<\/p>\n","protected":false},"featured_media":103196,"template":"","meta":{"_acf_changed":false},"product_brand":[],"product_cat":[311],"product_tag":[],"class_list":{"0":"post-103194","1":"product","2":"type-product","3":"status-publish","4":"has-post-thumbnail","6":"product_cat-r","7":"pa_packungsgroesse-28-stueck","9":"first","10":"instock","11":"shipping-taxable","12":"purchasable","13":"product-type-simple"},"acf":[],"_links":{"self":[{"href":"https:\/\/www.hirtenberg-apotheke.at\/katalog\/wp-json\/wp\/v2\/product\/103194","targetHints":{"allow":["GET"]}}],"collection":[{"href":"https:\/\/www.hirtenberg-apotheke.at\/katalog\/wp-json\/wp\/v2\/product"}],"about":[{"href":"https:\/\/www.hirtenberg-apotheke.at\/katalog\/wp-json\/wp\/v2\/types\/product"}],"wp:featuredmedia":[{"embeddable":true,"href":"https:\/\/www.hirtenberg-apotheke.at\/katalog\/wp-json\/wp\/v2\/media\/103196"}],"wp:attachment":[{"href":"https:\/\/www.hirtenberg-apotheke.at\/katalog\/wp-json\/wp\/v2\/media?parent=103194"}],"wp:term":[{"taxonomy":"product_brand","embeddable":true,"href":"https:\/\/www.hirtenberg-apotheke.at\/katalog\/wp-json\/wp\/v2\/product_brand?post=103194"},{"taxonomy":"product_cat","embeddable":true,"href":"https:\/\/www.hirtenberg-apotheke.at\/katalog\/wp-json\/wp\/v2\/product_cat?post=103194"},{"taxonomy":"product_tag","embeddable":true,"href":"https:\/\/www.hirtenberg-apotheke.at\/katalog\/wp-json\/wp\/v2\/product_tag?post=103194"}],"curies":[{"name":"wp","href":"https:\/\/api.w.org\/{rel}","templated":true}]}}