{"id":103218,"date":"2025-12-03T07:46:08","date_gmt":"2025-12-03T06:46:08","guid":{"rendered":"https:\/\/www.hirtenberg-apotheke.at\/katalog\/produkt\/restaxil-ump-b-komplex-kapseln-30-stk\/"},"modified":"2025-12-03T07:46:28","modified_gmt":"2025-12-03T06:46:28","slug":"restaxil-ump-b-komplex-kapseln-30-stk","status":"publish","type":"product","link":"https:\/\/www.hirtenberg-apotheke.at\/katalog\/produkt\/restaxil-ump-b-komplex-kapseln-30-stk\/","title":{"rendered":"Restaxil UMP B-Komplex Kapseln 30 Stk."},"content":{"rendered":"<p>Restaxil UMP B-Komplex ist ein einzigartiges Pr\u00e4parat, welches das Nervensystem mit den wichtigsten Mikron\u00e4hrstoffen versorgt &#8211; damit sich das Nervensystem auch bei Mehrbedarf vollst\u00e4ndig regenerieren kann.<\/p>\n","protected":false},"excerpt":{"rendered":"<p>Restaxil UMP B-Komplex ist ein einzigartiges Pr\u00e4parat, welches das Nervensystem mit den wichtigsten Mikron\u00e4hrstoffen versorgt &#8211; damit sich das Nervensystem auch bei Mehrbedarf vollst\u00e4ndig regenerieren kann.<\/p>\n","protected":false},"featured_media":103220,"template":"","meta":{"_acf_changed":false},"product_brand":[],"product_cat":[311],"product_tag":[],"class_list":{"0":"post-103218","1":"product","2":"type-product","3":"status-publish","4":"has-post-thumbnail","6":"product_cat-r","7":"pa_packungsgroesse-30-stueck","9":"first","10":"instock","11":"shipping-taxable","12":"purchasable","13":"product-type-simple"},"acf":[],"_links":{"self":[{"href":"https:\/\/www.hirtenberg-apotheke.at\/katalog\/wp-json\/wp\/v2\/product\/103218","targetHints":{"allow":["GET"]}}],"collection":[{"href":"https:\/\/www.hirtenberg-apotheke.at\/katalog\/wp-json\/wp\/v2\/product"}],"about":[{"href":"https:\/\/www.hirtenberg-apotheke.at\/katalog\/wp-json\/wp\/v2\/types\/product"}],"wp:featuredmedia":[{"embeddable":true,"href":"https:\/\/www.hirtenberg-apotheke.at\/katalog\/wp-json\/wp\/v2\/media\/103220"}],"wp:attachment":[{"href":"https:\/\/www.hirtenberg-apotheke.at\/katalog\/wp-json\/wp\/v2\/media?parent=103218"}],"wp:term":[{"taxonomy":"product_brand","embeddable":true,"href":"https:\/\/www.hirtenberg-apotheke.at\/katalog\/wp-json\/wp\/v2\/product_brand?post=103218"},{"taxonomy":"product_cat","embeddable":true,"href":"https:\/\/www.hirtenberg-apotheke.at\/katalog\/wp-json\/wp\/v2\/product_cat?post=103218"},{"taxonomy":"product_tag","embeddable":true,"href":"https:\/\/www.hirtenberg-apotheke.at\/katalog\/wp-json\/wp\/v2\/product_tag?post=103218"}],"curies":[{"name":"wp","href":"https:\/\/api.w.org\/{rel}","templated":true}]}}