{"id":10322,"date":"2025-11-25T14:09:51","date_gmt":"2025-11-25T13:09:51","guid":{"rendered":"https:\/\/www.hirtenberg-apotheke.at\/katalog\/produkt\/doralgomed-mobil-kapseln-30-stk\/"},"modified":"2025-11-25T14:10:07","modified_gmt":"2025-11-25T13:10:07","slug":"doralgomed-mobil-kapseln-30-stk","status":"publish","type":"product","link":"https:\/\/www.hirtenberg-apotheke.at\/katalog\/produkt\/doralgomed-mobil-kapseln-30-stk\/","title":{"rendered":"Doralgomed Mobil-Kapseln 30 Stk."},"content":{"rendered":"<p>Doralgomed Mobil-Kapseln dienen zur di\u00e4tetischen Behandlung von Wirbels\u00e4ulensyndromen und Polyneuropathien. Die Kapseln aktivieren k\u00f6rpereigene Reperaturmechanismen und beschleunigen die Regeneration gesch\u00e4digter Nervenstrukturen und ihrer Funktion.<\/p>\n","protected":false},"excerpt":{"rendered":"<p>Doralgomed Mobil-Kapseln dienen zur di\u00e4tetischen Behandlung von Wirbels\u00e4ulensyndromen und Polyneuropathien. Die Kapseln aktivieren k\u00f6rpereigene Reperaturmechanismen und beschleunigen die Regeneration gesch\u00e4digter Nervenstrukturen und ihrer Funktion.<\/p>\n","protected":false},"featured_media":10324,"template":"","meta":{"_acf_changed":false},"product_brand":[],"product_cat":[295],"product_tag":[],"class_list":{"0":"post-10322","1":"product","2":"type-product","3":"status-publish","4":"has-post-thumbnail","6":"product_cat-d","7":"pa_packungsgroesse-30-stueck","9":"first","10":"instock","11":"shipping-taxable","12":"purchasable","13":"product-type-simple"},"acf":[],"_links":{"self":[{"href":"https:\/\/www.hirtenberg-apotheke.at\/katalog\/wp-json\/wp\/v2\/product\/10322","targetHints":{"allow":["GET"]}}],"collection":[{"href":"https:\/\/www.hirtenberg-apotheke.at\/katalog\/wp-json\/wp\/v2\/product"}],"about":[{"href":"https:\/\/www.hirtenberg-apotheke.at\/katalog\/wp-json\/wp\/v2\/types\/product"}],"wp:featuredmedia":[{"embeddable":true,"href":"https:\/\/www.hirtenberg-apotheke.at\/katalog\/wp-json\/wp\/v2\/media\/10324"}],"wp:attachment":[{"href":"https:\/\/www.hirtenberg-apotheke.at\/katalog\/wp-json\/wp\/v2\/media?parent=10322"}],"wp:term":[{"taxonomy":"product_brand","embeddable":true,"href":"https:\/\/www.hirtenberg-apotheke.at\/katalog\/wp-json\/wp\/v2\/product_brand?post=10322"},{"taxonomy":"product_cat","embeddable":true,"href":"https:\/\/www.hirtenberg-apotheke.at\/katalog\/wp-json\/wp\/v2\/product_cat?post=10322"},{"taxonomy":"product_tag","embeddable":true,"href":"https:\/\/www.hirtenberg-apotheke.at\/katalog\/wp-json\/wp\/v2\/product_tag?post=10322"}],"curies":[{"name":"wp","href":"https:\/\/api.w.org\/{rel}","templated":true}]}}