{"id":103224,"date":"2025-12-03T07:46:28","date_gmt":"2025-12-03T06:46:28","guid":{"rendered":"https:\/\/www.hirtenberg-apotheke.at\/katalog\/produkt\/reticap-dr-kapseln-90-stk\/"},"modified":"2025-12-03T07:46:35","modified_gmt":"2025-12-03T06:46:35","slug":"reticap-dr-kapseln-90-stk","status":"publish","type":"product","link":"https:\/\/www.hirtenberg-apotheke.at\/katalog\/produkt\/reticap-dr-kapseln-90-stk\/","title":{"rendered":"RetiCap DR Kapseln 90 Stk."},"content":{"rendered":"<p>RetiCap\u00aeDR ist ein di\u00e4tetisches Lebensmittel f\u00fcr besondere medizinische Zwecke (Bilanzierte Di\u00e4t) zum Di\u00e4tmanagement von durch Diabetes verursachten Netzhautst\u00f6rungen. RetiCap\u00aeDR-Kapseln enthalten die Vitamine B1+B2, das Flavonoid Rutin sowie die Alpha-Lipons\u00e4ure. Diese Mikron\u00e4hrstoffe sind in nat\u00fcrlicher Weise an der Stabilisierung der durch Diabetes verursachten St\u00f6rungen und Sch\u00e4den im Auge beteiligt. .<\/p>\n","protected":false},"excerpt":{"rendered":"<p>RetiCap\u00aeDR ist ein di\u00e4tetisches Lebensmittel f\u00fcr besondere medizinische Zwecke (Bilanzierte Di\u00e4t) zum Di\u00e4tmanagement von durch Diabetes verursachten Netzhautst\u00f6rungen. RetiCap\u00aeDR-Kapseln enthalten die Vitamine B1+B2, das Flavonoid Rutin sowie die Alpha-Lipons\u00e4ure. Diese Mikron\u00e4hrstoffe sind in nat\u00fcrlicher Weise an der Stabilisierung der durch Diabetes verursachten St\u00f6rungen und Sch\u00e4den im Auge beteiligt. .<\/p>\n","protected":false},"featured_media":103226,"template":"","meta":{"_acf_changed":false},"product_brand":[],"product_cat":[311],"product_tag":[],"class_list":{"0":"post-103224","1":"product","2":"type-product","3":"status-publish","4":"has-post-thumbnail","6":"product_cat-r","7":"pa_packungsgroesse-90-stueck","9":"first","10":"instock","11":"shipping-taxable","12":"purchasable","13":"product-type-simple"},"acf":[],"_links":{"self":[{"href":"https:\/\/www.hirtenberg-apotheke.at\/katalog\/wp-json\/wp\/v2\/product\/103224","targetHints":{"allow":["GET"]}}],"collection":[{"href":"https:\/\/www.hirtenberg-apotheke.at\/katalog\/wp-json\/wp\/v2\/product"}],"about":[{"href":"https:\/\/www.hirtenberg-apotheke.at\/katalog\/wp-json\/wp\/v2\/types\/product"}],"wp:featuredmedia":[{"embeddable":true,"href":"https:\/\/www.hirtenberg-apotheke.at\/katalog\/wp-json\/wp\/v2\/media\/103226"}],"wp:attachment":[{"href":"https:\/\/www.hirtenberg-apotheke.at\/katalog\/wp-json\/wp\/v2\/media?parent=103224"}],"wp:term":[{"taxonomy":"product_brand","embeddable":true,"href":"https:\/\/www.hirtenberg-apotheke.at\/katalog\/wp-json\/wp\/v2\/product_brand?post=103224"},{"taxonomy":"product_cat","embeddable":true,"href":"https:\/\/www.hirtenberg-apotheke.at\/katalog\/wp-json\/wp\/v2\/product_cat?post=103224"},{"taxonomy":"product_tag","embeddable":true,"href":"https:\/\/www.hirtenberg-apotheke.at\/katalog\/wp-json\/wp\/v2\/product_tag?post=103224"}],"curies":[{"name":"wp","href":"https:\/\/api.w.org\/{rel}","templated":true}]}}