{"id":103227,"date":"2025-12-03T07:46:28","date_gmt":"2025-12-03T06:46:28","guid":{"rendered":"https:\/\/www.hirtenberg-apotheke.at\/katalog\/produkt\/retterspitz-bodylotion-125-ml\/"},"modified":"2025-12-03T07:46:39","modified_gmt":"2025-12-03T06:46:39","slug":"retterspitz-bodylotion-125-ml","status":"publish","type":"product","link":"https:\/\/www.hirtenberg-apotheke.at\/katalog\/produkt\/retterspitz-bodylotion-125-ml\/","title":{"rendered":"Retterspitz Bodylotion 125 ml"},"content":{"rendered":"<p>Retterspitz Bodylotion ist eine belebende Hautpflege, die sich besonders gut f\u00fcr die Anwendung nach dem Sport eignet. F\u00fcr eine gesunde Haut sorgen Thymol, Jojoba\u00f6l, Oliven\u00f6l, Erdnuss\u00f6l und Glycerin, das feuchtigkeitsregulierend wirkt.<\/p>\n","protected":false},"excerpt":{"rendered":"<p>Retterspitz Bodylotion ist eine belebende Hautpflege, die sich besonders gut f\u00fcr die Anwendung nach dem Sport eignet. F\u00fcr eine gesunde Haut sorgen Thymol, Jojoba\u00f6l, Oliven\u00f6l, Erdnuss\u00f6l und Glycerin, das feuchtigkeitsregulierend wirkt.<\/p>\n","protected":false},"featured_media":103229,"template":"","meta":{"_acf_changed":false},"product_brand":[],"product_cat":[311],"product_tag":[],"class_list":{"0":"post-103227","1":"product","2":"type-product","3":"status-publish","4":"has-post-thumbnail","6":"product_cat-r","7":"pa_packungsgroesse-125ml","9":"first","10":"instock","11":"shipping-taxable","12":"purchasable","13":"product-type-simple"},"acf":[],"_links":{"self":[{"href":"https:\/\/www.hirtenberg-apotheke.at\/katalog\/wp-json\/wp\/v2\/product\/103227","targetHints":{"allow":["GET"]}}],"collection":[{"href":"https:\/\/www.hirtenberg-apotheke.at\/katalog\/wp-json\/wp\/v2\/product"}],"about":[{"href":"https:\/\/www.hirtenberg-apotheke.at\/katalog\/wp-json\/wp\/v2\/types\/product"}],"wp:featuredmedia":[{"embeddable":true,"href":"https:\/\/www.hirtenberg-apotheke.at\/katalog\/wp-json\/wp\/v2\/media\/103229"}],"wp:attachment":[{"href":"https:\/\/www.hirtenberg-apotheke.at\/katalog\/wp-json\/wp\/v2\/media?parent=103227"}],"wp:term":[{"taxonomy":"product_brand","embeddable":true,"href":"https:\/\/www.hirtenberg-apotheke.at\/katalog\/wp-json\/wp\/v2\/product_brand?post=103227"},{"taxonomy":"product_cat","embeddable":true,"href":"https:\/\/www.hirtenberg-apotheke.at\/katalog\/wp-json\/wp\/v2\/product_cat?post=103227"},{"taxonomy":"product_tag","embeddable":true,"href":"https:\/\/www.hirtenberg-apotheke.at\/katalog\/wp-json\/wp\/v2\/product_tag?post=103227"}],"curies":[{"name":"wp","href":"https:\/\/api.w.org\/{rel}","templated":true}]}}