{"id":103239,"date":"2025-12-03T07:46:38","date_gmt":"2025-12-03T06:46:38","guid":{"rendered":"https:\/\/www.hirtenberg-apotheke.at\/katalog\/produkt\/rezilin-basilikum-extrakt-haarkur-100-ml\/"},"modified":"2025-12-03T07:47:21","modified_gmt":"2025-12-03T06:47:21","slug":"rezilin-basilikum-extrakt-haarkur-100-ml","status":"publish","type":"product","link":"https:\/\/www.hirtenberg-apotheke.at\/katalog\/produkt\/rezilin-basilikum-extrakt-haarkur-100-ml\/","title":{"rendered":"Rezilin Basilikum-Extrakt Haarkur 100 ml"},"content":{"rendered":"<p>Die Rezilin\u00ae Basilikum-Extrakt Haarkur f\u00fcr sowohl Frauen als auch M\u00e4nner! Sie schafft als nat\u00fcrliche Alternative Abhilfe bei (nicht krankheitsbedingtem) Haarausfall bis ins hohe Alter. Ohne Alkohol, Silikone, Parabene, Sulfate oder k\u00fcnstl. Konservierungsstoffe.<\/p>\n","protected":false},"excerpt":{"rendered":"<p>Die Rezilin\u00ae Basilikum-Extrakt Haarkur f\u00fcr sowohl Frauen als auch M\u00e4nner! Sie schafft als nat\u00fcrliche Alternative Abhilfe bei (nicht krankheitsbedingtem) Haarausfall bis ins hohe Alter. Ohne Alkohol, Silikone, Parabene, Sulfate oder k\u00fcnstl. Konservierungsstoffe.<\/p>\n","protected":false},"featured_media":103241,"template":"","meta":{"_acf_changed":false},"product_brand":[],"product_cat":[311],"product_tag":[],"class_list":{"0":"post-103239","1":"product","2":"type-product","3":"status-publish","4":"has-post-thumbnail","6":"product_cat-r","7":"pa_packungsgroesse-100ml","9":"first","10":"instock","11":"shipping-taxable","12":"purchasable","13":"product-type-simple"},"acf":[],"_links":{"self":[{"href":"https:\/\/www.hirtenberg-apotheke.at\/katalog\/wp-json\/wp\/v2\/product\/103239","targetHints":{"allow":["GET"]}}],"collection":[{"href":"https:\/\/www.hirtenberg-apotheke.at\/katalog\/wp-json\/wp\/v2\/product"}],"about":[{"href":"https:\/\/www.hirtenberg-apotheke.at\/katalog\/wp-json\/wp\/v2\/types\/product"}],"wp:featuredmedia":[{"embeddable":true,"href":"https:\/\/www.hirtenberg-apotheke.at\/katalog\/wp-json\/wp\/v2\/media\/103241"}],"wp:attachment":[{"href":"https:\/\/www.hirtenberg-apotheke.at\/katalog\/wp-json\/wp\/v2\/media?parent=103239"}],"wp:term":[{"taxonomy":"product_brand","embeddable":true,"href":"https:\/\/www.hirtenberg-apotheke.at\/katalog\/wp-json\/wp\/v2\/product_brand?post=103239"},{"taxonomy":"product_cat","embeddable":true,"href":"https:\/\/www.hirtenberg-apotheke.at\/katalog\/wp-json\/wp\/v2\/product_cat?post=103239"},{"taxonomy":"product_tag","embeddable":true,"href":"https:\/\/www.hirtenberg-apotheke.at\/katalog\/wp-json\/wp\/v2\/product_tag?post=103239"}],"curies":[{"name":"wp","href":"https:\/\/api.w.org\/{rel}","templated":true}]}}