{"id":103288,"date":"2025-12-03T07:48:16","date_gmt":"2025-12-03T06:48:16","guid":{"rendered":"https:\/\/www.hirtenberg-apotheke.at\/katalog\/produkt\/dr-beckmann-fleckenteufel-rost-deo-50-ml\/"},"modified":"2025-12-03T07:48:43","modified_gmt":"2025-12-03T06:48:43","slug":"dr-beckmann-fleckenteufel-rost-deo-50-ml","status":"publish","type":"product","link":"https:\/\/www.hirtenberg-apotheke.at\/katalog\/produkt\/dr-beckmann-fleckenteufel-rost-deo-50-ml\/","title":{"rendered":"Dr. Beckmann Fleckenteufel Rost\/Deo 50 ml"},"content":{"rendered":"<p>Dr. Beckmann Fleckenteufel Rost\/Deo basiert haupts\u00e4chlich auf Inhaltsstoffen mit reduktiver Wirkung. Die Formel macht die Oxidation r\u00fcckg\u00e4ngig. Rostflecken oder Deor\u00e4nder werden auf diese Weise entfernt, gleichzeitig wird das Gewebe geschont.<\/p>\n","protected":false},"excerpt":{"rendered":"<p>Dr. Beckmann Fleckenteufel Rost\/Deo basiert haupts\u00e4chlich auf Inhaltsstoffen mit reduktiver Wirkung. Die Formel macht die Oxidation r\u00fcckg\u00e4ngig. Rostflecken oder Deor\u00e4nder werden auf diese Weise entfernt, gleichzeitig wird das Gewebe geschont.<\/p>\n","protected":false},"featured_media":103290,"template":"","meta":{"_acf_changed":false},"product_brand":[],"product_cat":[295],"product_tag":[],"class_list":{"0":"post-103288","1":"product","2":"type-product","3":"status-publish","4":"has-post-thumbnail","6":"product_cat-d","7":"pa_packungsgroesse-50ml","9":"first","10":"instock","11":"shipping-taxable","12":"purchasable","13":"product-type-simple"},"acf":[],"_links":{"self":[{"href":"https:\/\/www.hirtenberg-apotheke.at\/katalog\/wp-json\/wp\/v2\/product\/103288","targetHints":{"allow":["GET"]}}],"collection":[{"href":"https:\/\/www.hirtenberg-apotheke.at\/katalog\/wp-json\/wp\/v2\/product"}],"about":[{"href":"https:\/\/www.hirtenberg-apotheke.at\/katalog\/wp-json\/wp\/v2\/types\/product"}],"wp:featuredmedia":[{"embeddable":true,"href":"https:\/\/www.hirtenberg-apotheke.at\/katalog\/wp-json\/wp\/v2\/media\/103290"}],"wp:attachment":[{"href":"https:\/\/www.hirtenberg-apotheke.at\/katalog\/wp-json\/wp\/v2\/media?parent=103288"}],"wp:term":[{"taxonomy":"product_brand","embeddable":true,"href":"https:\/\/www.hirtenberg-apotheke.at\/katalog\/wp-json\/wp\/v2\/product_brand?post=103288"},{"taxonomy":"product_cat","embeddable":true,"href":"https:\/\/www.hirtenberg-apotheke.at\/katalog\/wp-json\/wp\/v2\/product_cat?post=103288"},{"taxonomy":"product_tag","embeddable":true,"href":"https:\/\/www.hirtenberg-apotheke.at\/katalog\/wp-json\/wp\/v2\/product_tag?post=103288"}],"curies":[{"name":"wp","href":"https:\/\/api.w.org\/{rel}","templated":true}]}}