{"id":103291,"date":"2025-12-03T07:48:42","date_gmt":"2025-12-03T06:48:42","guid":{"rendered":"https:\/\/www.hirtenberg-apotheke.at\/katalog\/produkt\/drapal-rotbaeckchen-450-ml-mama-eisen\/"},"modified":"2025-12-03T07:48:46","modified_gmt":"2025-12-03T06:48:46","slug":"drapal-rotbaeckchen-450-ml-mama-eisen","status":"publish","type":"product","link":"https:\/\/www.hirtenberg-apotheke.at\/katalog\/produkt\/drapal-rotbaeckchen-450-ml-mama-eisen\/","title":{"rendered":"Drapal Rotb\u00e4ckchen 450 ml Mama Eisen+"},"content":{"rendered":"<p>Drapal Rotb\u00e4ckchen ist ein hochwertiger Saft, welcher strengsten Qualit\u00e4tsrichtlinien unterliegt. Bei der Auswahl der Rohstoffe f\u00fcr die wertvollen Rotb\u00e4ckchen-S\u00e4fte wird gr\u00f6\u00dfter Wert auf nachhaltigen, kontrollierten Anbau gelegt.<\/p>\n","protected":false},"excerpt":{"rendered":"<p>Drapal Rotb\u00e4ckchen ist ein hochwertiger Saft, welcher strengsten Qualit\u00e4tsrichtlinien unterliegt. Bei der Auswahl der Rohstoffe f\u00fcr die wertvollen Rotb\u00e4ckchen-S\u00e4fte wird gr\u00f6\u00dfter Wert auf nachhaltigen, kontrollierten Anbau gelegt.<\/p>\n","protected":false},"featured_media":103293,"template":"","meta":{"_acf_changed":false},"product_brand":[],"product_cat":[295],"product_tag":[],"class_list":{"0":"post-103291","1":"product","2":"type-product","3":"status-publish","4":"has-post-thumbnail","6":"product_cat-d","7":"pa_packungsgroesse-450ml","9":"first","10":"instock","11":"shipping-taxable","12":"purchasable","13":"product-type-simple"},"acf":[],"_links":{"self":[{"href":"https:\/\/www.hirtenberg-apotheke.at\/katalog\/wp-json\/wp\/v2\/product\/103291","targetHints":{"allow":["GET"]}}],"collection":[{"href":"https:\/\/www.hirtenberg-apotheke.at\/katalog\/wp-json\/wp\/v2\/product"}],"about":[{"href":"https:\/\/www.hirtenberg-apotheke.at\/katalog\/wp-json\/wp\/v2\/types\/product"}],"wp:featuredmedia":[{"embeddable":true,"href":"https:\/\/www.hirtenberg-apotheke.at\/katalog\/wp-json\/wp\/v2\/media\/103293"}],"wp:attachment":[{"href":"https:\/\/www.hirtenberg-apotheke.at\/katalog\/wp-json\/wp\/v2\/media?parent=103291"}],"wp:term":[{"taxonomy":"product_brand","embeddable":true,"href":"https:\/\/www.hirtenberg-apotheke.at\/katalog\/wp-json\/wp\/v2\/product_brand?post=103291"},{"taxonomy":"product_cat","embeddable":true,"href":"https:\/\/www.hirtenberg-apotheke.at\/katalog\/wp-json\/wp\/v2\/product_cat?post=103291"},{"taxonomy":"product_tag","embeddable":true,"href":"https:\/\/www.hirtenberg-apotheke.at\/katalog\/wp-json\/wp\/v2\/product_tag?post=103291"}],"curies":[{"name":"wp","href":"https:\/\/api.w.org\/{rel}","templated":true}]}}