{"id":103302,"date":"2025-12-03T07:48:56","date_gmt":"2025-12-03T06:48:56","guid":{"rendered":"https:\/\/www.hirtenberg-apotheke.at\/katalog\/produkt\/rubaxx-arthro-tropfen-30-ml\/"},"modified":"2025-12-03T07:49:10","modified_gmt":"2025-12-03T06:49:10","slug":"rubaxx-arthro-tropfen-30-ml","status":"publish","type":"product","link":"https:\/\/www.hirtenberg-apotheke.at\/katalog\/produkt\/rubaxx-arthro-tropfen-30-ml\/","title":{"rendered":"RubaXX Arthro Tropfen 30 ml"},"content":{"rendered":"<p>In RubaXX Arthro ist der besondere Wirkstoff Viscum album in hoher Konzentration aufbereitet. Viscum album bek\u00e4mpft speziell Arthrose und wirkt dabei schmerzlindernd und entz\u00fcndungshemmend. Mehr noch: Viscum album kann laut In-vitro-Studien sogar bestimmte K\u00f6rperzellen stoppen, die den Gelenkknorpel bei Arthrose angreifen.<\/p>\n","protected":false},"excerpt":{"rendered":"<p>In RubaXX Arthro ist der besondere Wirkstoff Viscum album in hoher Konzentration aufbereitet. Viscum album bek\u00e4mpft speziell Arthrose und wirkt dabei schmerzlindernd und entz\u00fcndungshemmend. Mehr noch: Viscum album kann laut In-vitro-Studien sogar bestimmte K\u00f6rperzellen stoppen, die den Gelenkknorpel bei Arthrose angreifen.<\/p>\n","protected":false},"featured_media":0,"template":"","meta":{"_acf_changed":false},"product_brand":[1348],"product_cat":[311],"product_tag":[],"class_list":{"0":"post-103302","1":"product","2":"type-product","3":"status-publish","5":"product_brand-rubaxx","6":"product_cat-r","7":"pa_packungsgroesse-30ml","9":"first","10":"instock","11":"shipping-taxable","12":"purchasable","13":"product-type-simple"},"acf":[],"_links":{"self":[{"href":"https:\/\/www.hirtenberg-apotheke.at\/katalog\/wp-json\/wp\/v2\/product\/103302","targetHints":{"allow":["GET"]}}],"collection":[{"href":"https:\/\/www.hirtenberg-apotheke.at\/katalog\/wp-json\/wp\/v2\/product"}],"about":[{"href":"https:\/\/www.hirtenberg-apotheke.at\/katalog\/wp-json\/wp\/v2\/types\/product"}],"wp:attachment":[{"href":"https:\/\/www.hirtenberg-apotheke.at\/katalog\/wp-json\/wp\/v2\/media?parent=103302"}],"wp:term":[{"taxonomy":"product_brand","embeddable":true,"href":"https:\/\/www.hirtenberg-apotheke.at\/katalog\/wp-json\/wp\/v2\/product_brand?post=103302"},{"taxonomy":"product_cat","embeddable":true,"href":"https:\/\/www.hirtenberg-apotheke.at\/katalog\/wp-json\/wp\/v2\/product_cat?post=103302"},{"taxonomy":"product_tag","embeddable":true,"href":"https:\/\/www.hirtenberg-apotheke.at\/katalog\/wp-json\/wp\/v2\/product_tag?post=103302"}],"curies":[{"name":"wp","href":"https:\/\/api.w.org\/{rel}","templated":true}]}}