{"id":10331,"date":"2025-11-25T14:09:51","date_gmt":"2025-11-25T13:09:51","guid":{"rendered":"https:\/\/www.hirtenberg-apotheke.at\/katalog\/produkt\/ca-d3-stada-filmtabletten-60-stk\/"},"modified":"2025-11-25T14:10:15","modified_gmt":"2025-11-25T13:10:15","slug":"ca-d3-stada-filmtabletten-60-stk","status":"publish","type":"product","link":"https:\/\/www.hirtenberg-apotheke.at\/katalog\/produkt\/ca-d3-stada-filmtabletten-60-stk\/","title":{"rendered":"Ca-D3-Stada Filmtabletten 60 Stk."},"content":{"rendered":"<p>Ca-D3-Stada ist ein di\u00e4tetisches Lebensmittel f\u00fcr besondere medizinische Zwecke (erg\u00e4nzende bilanzierte Di\u00e4t). Zur di\u00e4tetischen Behandlung von Osteoporose.<\/p>\n","protected":false},"excerpt":{"rendered":"<p>Ca-D3-Stada ist ein di\u00e4tetisches Lebensmittel f\u00fcr besondere medizinische Zwecke (erg\u00e4nzende bilanzierte Di\u00e4t). Zur di\u00e4tetischen Behandlung von Osteoporose.<\/p>\n","protected":false},"featured_media":10333,"template":"","meta":{"_acf_changed":false},"product_brand":[433],"product_cat":[337],"product_tag":[],"class_list":{"0":"post-10331","1":"product","2":"type-product","3":"status-publish","4":"has-post-thumbnail","6":"product_brand-stada","7":"product_cat-c","8":"pa_packungsgroesse-60-stueck","10":"first","11":"instock","12":"shipping-taxable","13":"purchasable","14":"product-type-simple"},"acf":[],"_links":{"self":[{"href":"https:\/\/www.hirtenberg-apotheke.at\/katalog\/wp-json\/wp\/v2\/product\/10331","targetHints":{"allow":["GET"]}}],"collection":[{"href":"https:\/\/www.hirtenberg-apotheke.at\/katalog\/wp-json\/wp\/v2\/product"}],"about":[{"href":"https:\/\/www.hirtenberg-apotheke.at\/katalog\/wp-json\/wp\/v2\/types\/product"}],"wp:featuredmedia":[{"embeddable":true,"href":"https:\/\/www.hirtenberg-apotheke.at\/katalog\/wp-json\/wp\/v2\/media\/10333"}],"wp:attachment":[{"href":"https:\/\/www.hirtenberg-apotheke.at\/katalog\/wp-json\/wp\/v2\/media?parent=10331"}],"wp:term":[{"taxonomy":"product_brand","embeddable":true,"href":"https:\/\/www.hirtenberg-apotheke.at\/katalog\/wp-json\/wp\/v2\/product_brand?post=10331"},{"taxonomy":"product_cat","embeddable":true,"href":"https:\/\/www.hirtenberg-apotheke.at\/katalog\/wp-json\/wp\/v2\/product_cat?post=10331"},{"taxonomy":"product_tag","embeddable":true,"href":"https:\/\/www.hirtenberg-apotheke.at\/katalog\/wp-json\/wp\/v2\/product_tag?post=10331"}],"curies":[{"name":"wp","href":"https:\/\/api.w.org\/{rel}","templated":true}]}}