{"id":103328,"date":"2025-12-03T07:49:32","date_gmt":"2025-12-03T06:49:32","guid":{"rendered":"https:\/\/www.hirtenberg-apotheke.at\/katalog\/produkt\/huebner-salbei-zahnpasta-50-ml\/"},"modified":"2025-12-03T07:50:01","modified_gmt":"2025-12-03T06:50:01","slug":"huebner-salbei-zahnpasta-50-ml","status":"publish","type":"product","link":"https:\/\/www.hirtenberg-apotheke.at\/katalog\/produkt\/huebner-salbei-zahnpasta-50-ml\/","title":{"rendered":"H\u00fcbner Salbei Zahnpasta 50 ml"},"content":{"rendered":"<p>H\u00fcbner Salbei Zahnpasta enth\u00e4lt einen hohen Anteil an \u00e4therischem Salbei\u00f6l. Die regelm\u00e4\u00dfige Zahnpflege mit dieser Pasta dient der gr\u00fcndlichen Reinigung der Z\u00e4hne, erfrischt den Mund und hilft, das Wachstum von Erregern zu hemmen, die Parodontose und Karies erzeugen.<\/p>\n","protected":false},"excerpt":{"rendered":"<p>H\u00fcbner Salbei Zahnpasta enth\u00e4lt einen hohen Anteil an \u00e4therischem Salbei\u00f6l. Die regelm\u00e4\u00dfige Zahnpflege mit dieser Pasta dient der gr\u00fcndlichen Reinigung der Z\u00e4hne, erfrischt den Mund und hilft, das Wachstum von Erregern zu hemmen, die Parodontose und Karies erzeugen.<\/p>\n","protected":false},"featured_media":103330,"template":"","meta":{"_acf_changed":false},"product_brand":[],"product_cat":[330],"product_tag":[],"class_list":{"0":"post-103328","1":"product","2":"type-product","3":"status-publish","4":"has-post-thumbnail","6":"product_cat-h","7":"pa_packungsgroesse-50ml","9":"first","10":"instock","11":"shipping-taxable","12":"purchasable","13":"product-type-simple"},"acf":[],"_links":{"self":[{"href":"https:\/\/www.hirtenberg-apotheke.at\/katalog\/wp-json\/wp\/v2\/product\/103328","targetHints":{"allow":["GET"]}}],"collection":[{"href":"https:\/\/www.hirtenberg-apotheke.at\/katalog\/wp-json\/wp\/v2\/product"}],"about":[{"href":"https:\/\/www.hirtenberg-apotheke.at\/katalog\/wp-json\/wp\/v2\/types\/product"}],"wp:featuredmedia":[{"embeddable":true,"href":"https:\/\/www.hirtenberg-apotheke.at\/katalog\/wp-json\/wp\/v2\/media\/103330"}],"wp:attachment":[{"href":"https:\/\/www.hirtenberg-apotheke.at\/katalog\/wp-json\/wp\/v2\/media?parent=103328"}],"wp:term":[{"taxonomy":"product_brand","embeddable":true,"href":"https:\/\/www.hirtenberg-apotheke.at\/katalog\/wp-json\/wp\/v2\/product_brand?post=103328"},{"taxonomy":"product_cat","embeddable":true,"href":"https:\/\/www.hirtenberg-apotheke.at\/katalog\/wp-json\/wp\/v2\/product_cat?post=103328"},{"taxonomy":"product_tag","embeddable":true,"href":"https:\/\/www.hirtenberg-apotheke.at\/katalog\/wp-json\/wp\/v2\/product_tag?post=103328"}],"curies":[{"name":"wp","href":"https:\/\/api.w.org\/{rel}","templated":true}]}}