{"id":103368,"date":"2025-12-03T07:50:41","date_gmt":"2025-12-03T06:50:41","guid":{"rendered":"https:\/\/www.hirtenberg-apotheke.at\/katalog\/produkt\/sanotint-classic-125-ml-hellbraun\/"},"modified":"2025-12-03T07:51:36","modified_gmt":"2025-12-03T06:51:36","slug":"sanotint-classic-125-ml-hellbraun","status":"publish","type":"product","link":"https:\/\/www.hirtenberg-apotheke.at\/katalog\/produkt\/sanotint-classic-125-ml-hellbraun\/","title":{"rendered":"Sanotint Classic 125 ml Hellbraun"},"content":{"rendered":"<p>Sanotint Haarfarben f\u00e4rben schonend und pflegen das Haar zus\u00e4tzlich. Die Kiesels\u00e4ure der Goldhirse sch\u00fctzt das Haar optimal, in Verbindung mit Pflanzenausz\u00fcgen aus Birke und Weintraubenkernen bleiben sie gepflegt, kr\u00e4ftig und gl\u00e4nzend. Biotin ist wichtig f\u00fcr das Haarwachstum, Panthenol wirkt sturkturausgleichend. Die nat\u00fcrlichen Pflegestoffe sind mit einem sehr geringen Anteil von maximal einem Prozent an synthetischen Farben kombiniert, um graue Haare dauerhaft zu \u00fcberdecken und die enorme Farbvielfalt zu erzielen.<\/p>\n","protected":false},"excerpt":{"rendered":"<p>Sanotint Haarfarben f\u00e4rben schonend und pflegen das Haar zus\u00e4tzlich. Die Kiesels\u00e4ure der Goldhirse sch\u00fctzt das Haar optimal, in Verbindung mit Pflanzenausz\u00fcgen aus Birke und Weintraubenkernen bleiben sie gepflegt, kr\u00e4ftig und gl\u00e4nzend. Biotin ist wichtig f\u00fcr das Haarwachstum, Panthenol wirkt sturkturausgleichend. Die nat\u00fcrlichen Pflegestoffe sind mit einem sehr geringen Anteil von maximal einem Prozent an synthetischen [&hellip;]<\/p>\n","protected":false},"featured_media":103370,"template":"","meta":{"_acf_changed":false},"product_brand":[],"product_cat":[303],"product_tag":[],"class_list":{"0":"post-103368","1":"product","2":"type-product","3":"status-publish","4":"has-post-thumbnail","6":"product_cat-s","7":"pa_packungsgroesse-125ml","9":"first","10":"instock","11":"shipping-taxable","12":"purchasable","13":"product-type-simple"},"acf":[],"_links":{"self":[{"href":"https:\/\/www.hirtenberg-apotheke.at\/katalog\/wp-json\/wp\/v2\/product\/103368","targetHints":{"allow":["GET"]}}],"collection":[{"href":"https:\/\/www.hirtenberg-apotheke.at\/katalog\/wp-json\/wp\/v2\/product"}],"about":[{"href":"https:\/\/www.hirtenberg-apotheke.at\/katalog\/wp-json\/wp\/v2\/types\/product"}],"wp:featuredmedia":[{"embeddable":true,"href":"https:\/\/www.hirtenberg-apotheke.at\/katalog\/wp-json\/wp\/v2\/media\/103370"}],"wp:attachment":[{"href":"https:\/\/www.hirtenberg-apotheke.at\/katalog\/wp-json\/wp\/v2\/media?parent=103368"}],"wp:term":[{"taxonomy":"product_brand","embeddable":true,"href":"https:\/\/www.hirtenberg-apotheke.at\/katalog\/wp-json\/wp\/v2\/product_brand?post=103368"},{"taxonomy":"product_cat","embeddable":true,"href":"https:\/\/www.hirtenberg-apotheke.at\/katalog\/wp-json\/wp\/v2\/product_cat?post=103368"},{"taxonomy":"product_tag","embeddable":true,"href":"https:\/\/www.hirtenberg-apotheke.at\/katalog\/wp-json\/wp\/v2\/product_tag?post=103368"}],"curies":[{"name":"wp","href":"https:\/\/api.w.org\/{rel}","templated":true}]}}