{"id":103411,"date":"2025-12-03T07:52:16","date_gmt":"2025-12-03T06:52:16","guid":{"rendered":"https:\/\/www.hirtenberg-apotheke.at\/katalog\/produkt\/life-light-alpensegen-schmetterling-kraeuterkomplex-50-ml\/"},"modified":"2025-12-03T07:52:20","modified_gmt":"2025-12-03T06:52:20","slug":"life-light-alpensegen-schmetterling-kraeuterkomplex-50-ml","status":"publish","type":"product","link":"https:\/\/www.hirtenberg-apotheke.at\/katalog\/produkt\/life-light-alpensegen-schmetterling-kraeuterkomplex-50-ml\/","title":{"rendered":"Life Light Alpensegen Schmetterling Kr\u00e4uterkomplex 50 ml"},"content":{"rendered":"<p>Das Light Life Produkt ist ein hochwertiges Kr\u00e4uterdestillat nach Paracelsus mit einem synergistischen Komplex aus Essenzen von ausgew\u00e4hlten Kr\u00e4utern wie Herzgespann, Wolfstrapp, Mistel, Eisenkraut, Melisse, Salbei und Andorn. Es wird ohne Zusatz von Zucker und synthetische Zusatzsstoffe hergestellt und hat einen Alkoholgehalt von 21%. Nahrungserg\u00e4nzungsmittel dienen nicht als Ersatz f\u00fcr eine abwechslungsreiche und ausgewogene Ern\u00e4hrung. Sie sind f\u00fcr Kinder unerreichbar aufzubewahren und die empfohlene Tagesdosis darf nicht \u00fcberschritten werden.<\/p>\n","protected":false},"excerpt":{"rendered":"<p>Das Light Life Produkt ist ein hochwertiges Kr\u00e4uterdestillat nach Paracelsus mit einem synergistischen Komplex aus Essenzen von ausgew\u00e4hlten Kr\u00e4utern wie Herzgespann, Wolfstrapp, Mistel, Eisenkraut, Melisse, Salbei und Andorn. Es wird ohne Zusatz von Zucker und synthetische Zusatzsstoffe hergestellt und hat einen Alkoholgehalt von 21%. Nahrungserg\u00e4nzungsmittel dienen nicht als Ersatz f\u00fcr eine abwechslungsreiche und ausgewogene Ern\u00e4hrung. [&hellip;]<\/p>\n","protected":false},"featured_media":103413,"template":"","meta":{"_acf_changed":false},"product_brand":[],"product_cat":[317],"product_tag":[],"class_list":{"0":"post-103411","1":"product","2":"type-product","3":"status-publish","4":"has-post-thumbnail","6":"product_cat-l","7":"pa_packungsgroesse-50ml","9":"first","10":"instock","11":"shipping-taxable","12":"purchasable","13":"product-type-simple"},"acf":[],"_links":{"self":[{"href":"https:\/\/www.hirtenberg-apotheke.at\/katalog\/wp-json\/wp\/v2\/product\/103411","targetHints":{"allow":["GET"]}}],"collection":[{"href":"https:\/\/www.hirtenberg-apotheke.at\/katalog\/wp-json\/wp\/v2\/product"}],"about":[{"href":"https:\/\/www.hirtenberg-apotheke.at\/katalog\/wp-json\/wp\/v2\/types\/product"}],"wp:featuredmedia":[{"embeddable":true,"href":"https:\/\/www.hirtenberg-apotheke.at\/katalog\/wp-json\/wp\/v2\/media\/103413"}],"wp:attachment":[{"href":"https:\/\/www.hirtenberg-apotheke.at\/katalog\/wp-json\/wp\/v2\/media?parent=103411"}],"wp:term":[{"taxonomy":"product_brand","embeddable":true,"href":"https:\/\/www.hirtenberg-apotheke.at\/katalog\/wp-json\/wp\/v2\/product_brand?post=103411"},{"taxonomy":"product_cat","embeddable":true,"href":"https:\/\/www.hirtenberg-apotheke.at\/katalog\/wp-json\/wp\/v2\/product_cat?post=103411"},{"taxonomy":"product_tag","embeddable":true,"href":"https:\/\/www.hirtenberg-apotheke.at\/katalog\/wp-json\/wp\/v2\/product_tag?post=103411"}],"curies":[{"name":"wp","href":"https:\/\/api.w.org\/{rel}","templated":true}]}}