{"id":103417,"date":"2025-12-03T07:52:16","date_gmt":"2025-12-03T06:52:16","guid":{"rendered":"https:\/\/www.hirtenberg-apotheke.at\/katalog\/produkt\/schneekoppe-vitasan-slim-450-g-schoko\/"},"modified":"2025-12-03T07:52:27","modified_gmt":"2025-12-03T06:52:27","slug":"schneekoppe-vitasan-slim-450-g-schoko","status":"publish","type":"product","link":"https:\/\/www.hirtenberg-apotheke.at\/katalog\/produkt\/schneekoppe-vitasan-slim-450-g-schoko\/","title":{"rendered":"Schneekoppe Vitasan Slim 450 g Schoko"},"content":{"rendered":"<p>Mit Schneekoppe VITAsan wird das Wunschgewicht \u00fcber vier Phasen erreicht. Schon in den ersten 14 Tagen l\u00e4sst sich das Gewicht reduzieren, ohne dass dabei ein Jojo-Effekt bef\u00fcrchtet werden muss. Das Erfolgsrezept liegt in der Verbindung hochwertiger Di\u00e4tshakes, einer Suppe und leckeren Rezepten. Die Abnehmshakes werden als Mahlzeitenersatz eingenommen und sind in vier verschiedenen Geschmacksrichtungen erh\u00e4ltlich: Vanille, Schoko, Latte Macchiato und Pannacotta-Waldfrucht. Ein qu\u00e4lendes Hungergef\u00fchl bleibt bei dieser Art von Di\u00e4t aus<\/p>\n","protected":false},"excerpt":{"rendered":"<p>Mit Schneekoppe VITAsan wird das Wunschgewicht \u00fcber vier Phasen erreicht. Schon in den ersten 14 Tagen l\u00e4sst sich das Gewicht reduzieren, ohne dass dabei ein Jojo-Effekt bef\u00fcrchtet werden muss. Das Erfolgsrezept liegt in der Verbindung hochwertiger Di\u00e4tshakes, einer Suppe und leckeren Rezepten. Die Abnehmshakes werden als Mahlzeitenersatz eingenommen und sind in vier verschiedenen Geschmacksrichtungen erh\u00e4ltlich: [&hellip;]<\/p>\n","protected":false},"featured_media":103419,"template":"","meta":{"_acf_changed":false},"product_brand":[],"product_cat":[303],"product_tag":[],"class_list":{"0":"post-103417","1":"product","2":"type-product","3":"status-publish","4":"has-post-thumbnail","6":"product_cat-s","7":"pa_packungsgroesse-450g","9":"first","10":"instock","11":"shipping-taxable","12":"purchasable","13":"product-type-simple"},"acf":[],"_links":{"self":[{"href":"https:\/\/www.hirtenberg-apotheke.at\/katalog\/wp-json\/wp\/v2\/product\/103417","targetHints":{"allow":["GET"]}}],"collection":[{"href":"https:\/\/www.hirtenberg-apotheke.at\/katalog\/wp-json\/wp\/v2\/product"}],"about":[{"href":"https:\/\/www.hirtenberg-apotheke.at\/katalog\/wp-json\/wp\/v2\/types\/product"}],"wp:featuredmedia":[{"embeddable":true,"href":"https:\/\/www.hirtenberg-apotheke.at\/katalog\/wp-json\/wp\/v2\/media\/103419"}],"wp:attachment":[{"href":"https:\/\/www.hirtenberg-apotheke.at\/katalog\/wp-json\/wp\/v2\/media?parent=103417"}],"wp:term":[{"taxonomy":"product_brand","embeddable":true,"href":"https:\/\/www.hirtenberg-apotheke.at\/katalog\/wp-json\/wp\/v2\/product_brand?post=103417"},{"taxonomy":"product_cat","embeddable":true,"href":"https:\/\/www.hirtenberg-apotheke.at\/katalog\/wp-json\/wp\/v2\/product_cat?post=103417"},{"taxonomy":"product_tag","embeddable":true,"href":"https:\/\/www.hirtenberg-apotheke.at\/katalog\/wp-json\/wp\/v2\/product_tag?post=103417"}],"curies":[{"name":"wp","href":"https:\/\/api.w.org\/{rel}","templated":true}]}}