{"id":103587,"date":"2025-12-03T07:59:44","date_gmt":"2025-12-03T06:59:44","guid":{"rendered":"https:\/\/www.hirtenberg-apotheke.at\/katalog\/produkt\/refoctocil-oxydant-fluessig-3-100-ml\/"},"modified":"2025-12-03T08:00:09","modified_gmt":"2025-12-03T07:00:09","slug":"refoctocil-oxydant-fluessig-3-100-ml","status":"publish","type":"product","link":"https:\/\/www.hirtenberg-apotheke.at\/katalog\/produkt\/refoctocil-oxydant-fluessig-3-100-ml\/","title":{"rendered":"RefoctoCil Oxydant fl\u00fcssig 3% 100 ml"},"content":{"rendered":"<p>RefoctoCil Oxydant fl\u00fcssig 3 % 100 ml  ist ein stabilisierter Entwickler auf fl\u00fcssiger Basis, speziell entwickelt f\u00fcr RefectoCil Augenbrauenfarben und Wimpernfarben. Der fl\u00fcssige Entwickler l\u00e4sst sich angenehm mit RefectoCil Farbe zu einer homogenen Paste vermischen, die Sie einfach auf die Wimpern und Augenbrauen auftragen k\u00f6nnen.<\/p>\n","protected":false},"excerpt":{"rendered":"<p>RefoctoCil Oxydant fl\u00fcssig 3 % 100 ml ist ein stabilisierter Entwickler auf fl\u00fcssiger Basis, speziell entwickelt f\u00fcr RefectoCil Augenbrauenfarben und Wimpernfarben. Der fl\u00fcssige Entwickler l\u00e4sst sich angenehm mit RefectoCil Farbe zu einer homogenen Paste vermischen, die Sie einfach auf die Wimpern und Augenbrauen auftragen k\u00f6nnen.<\/p>\n","protected":false},"featured_media":0,"template":"","meta":{"_acf_changed":false},"product_brand":[],"product_cat":[311],"product_tag":[],"class_list":{"0":"post-103587","1":"product","2":"type-product","3":"status-publish","5":"product_cat-r","6":"pa_packungsgroesse-100ml","8":"first","9":"instock","10":"shipping-taxable","11":"purchasable","12":"product-type-simple"},"acf":[],"_links":{"self":[{"href":"https:\/\/www.hirtenberg-apotheke.at\/katalog\/wp-json\/wp\/v2\/product\/103587","targetHints":{"allow":["GET"]}}],"collection":[{"href":"https:\/\/www.hirtenberg-apotheke.at\/katalog\/wp-json\/wp\/v2\/product"}],"about":[{"href":"https:\/\/www.hirtenberg-apotheke.at\/katalog\/wp-json\/wp\/v2\/types\/product"}],"wp:attachment":[{"href":"https:\/\/www.hirtenberg-apotheke.at\/katalog\/wp-json\/wp\/v2\/media?parent=103587"}],"wp:term":[{"taxonomy":"product_brand","embeddable":true,"href":"https:\/\/www.hirtenberg-apotheke.at\/katalog\/wp-json\/wp\/v2\/product_brand?post=103587"},{"taxonomy":"product_cat","embeddable":true,"href":"https:\/\/www.hirtenberg-apotheke.at\/katalog\/wp-json\/wp\/v2\/product_cat?post=103587"},{"taxonomy":"product_tag","embeddable":true,"href":"https:\/\/www.hirtenberg-apotheke.at\/katalog\/wp-json\/wp\/v2\/product_tag?post=103587"}],"curies":[{"name":"wp","href":"https:\/\/api.w.org\/{rel}","templated":true}]}}